{"id":3461,"date":"2025-02-01T00:48:21","date_gmt":"2025-02-01T00:48:21","guid":{"rendered":"https:\/\/citizen-security.org\/team\/rachid-id-yassine\/"},"modified":"2025-05-09T13:39:19","modified_gmt":"2025-05-09T13:39:19","slug":"rachid-id-yassine","status":"publish","type":"page","link":"https:\/\/citizen-security.org\/en\/team\/rachid-id-yassine\/","title":{"rendered":"Rachid ID YASSINE"},"content":{"rendered":"\t\t<div data-elementor-type=\"wp-page\" data-elementor-id=\"3461\" class=\"elementor elementor-3461 elementor-1371\" data-elementor-post-type=\"page\">\n\t\t\t\t<div class=\"elementor-element elementor-element-274d4d1 e-flex e-con-boxed e-con e-parent\" data-id=\"274d4d1\" data-element_type=\"container\" data-settings=\"{&quot;background_background&quot;:&quot;classic&quot;}\">\n\t\t\t\t\t<div class=\"e-con-inner\">\n\t\t\t\t<div class=\"elementor-element elementor-element-f07ee73 elementor-widget elementor-widget-breadcrumbs\" data-id=\"f07ee73\" data-element_type=\"widget\" data-widget_type=\"breadcrumbs.default\">\n\t\t\t\t<div class=\"elementor-widget-container\">\n\t\t\t\t\t<p id=\"breadcrumbs\"><span><span><a href=\"https:\/\/citizen-security.org\/en\/home\/\">Accueil<\/a><\/span><\/span><\/p>\t\t\t\t<\/div>\n\t\t\t\t<\/div>\n\t\t\t\t\t<\/div>\n\t\t\t\t<\/div>\n\t\t<div class=\"elementor-element elementor-element-bdedbd8 e-flex e-con-boxed e-con e-parent\" data-id=\"bdedbd8\" data-element_type=\"container\" data-settings=\"{&quot;background_background&quot;:&quot;gradient&quot;}\">\n\t\t\t\t\t<div class=\"e-con-inner\">\n\t\t<div class=\"elementor-element elementor-element-cbc5f97 e-con-full e-flex e-con e-child\" data-id=\"cbc5f97\" data-element_type=\"container\">\n\t\t<div class=\"elementor-element elementor-element-7f55041 e-con-full e-flex e-con e-child\" data-id=\"7f55041\" data-element_type=\"container\">\n\t\t\t\t<div class=\"elementor-element elementor-element-32aaf70 elementor-widget__width-initial elementor-invisible elementor-widget elementor-widget-image\" data-id=\"32aaf70\" data-element_type=\"widget\" data-settings=\"{&quot;_animation&quot;:&quot;fadeInUp&quot;}\" data-widget_type=\"image.default\">\n\t\t\t\t<div class=\"elementor-widget-container\">\n\t\t\t\t\t\t\t\t\t\t\t\t\t\t\t<img fetchpriority=\"high\" decoding=\"async\" width=\"500\" height=\"667\" src=\"https:\/\/citizen-security.org\/wp-content\/uploads\/2025\/02\/Rachid-ID-YASSINE.jpg\" class=\"attachment-2048x2048 size-2048x2048 wp-image-3348\" alt=\"\" srcset=\"https:\/\/citizen-security.org\/wp-content\/uploads\/2025\/02\/Rachid-ID-YASSINE.jpg 500w, https:\/\/citizen-security.org\/wp-content\/uploads\/2025\/02\/Rachid-ID-YASSINE-225x300.jpg 225w\" sizes=\"(max-width: 500px) 100vw, 500px\" \/>\t\t\t\t\t\t\t\t\t\t\t\t\t\t\t<\/div>\n\t\t\t\t<\/div>\n\t\t\t\t<\/div>\n\t\t<div class=\"elementor-element elementor-element-8f9c1b8 e-con-full e-flex e-con e-child\" data-id=\"8f9c1b8\" data-element_type=\"container\">\n\t\t\t\t<div class=\"elementor-element elementor-element-361da31 elementor-invisible elementor-widget elementor-widget-heading\" data-id=\"361da31\" data-element_type=\"widget\" data-settings=\"{&quot;_animation&quot;:&quot;fadeIn&quot;,&quot;_animation_delay&quot;:200}\" data-widget_type=\"heading.default\">\n\t\t\t\t<div class=\"elementor-widget-container\">\n\t\t\t\t\t<h3 class=\"elementor-heading-title elementor-size-default\">Rachid ID YASSINE<\/h3>\t\t\t\t<\/div>\n\t\t\t\t<\/div>\n\t\t\t\t<div class=\"elementor-element elementor-element-071354e animated-slow elementor-invisible elementor-widget elementor-widget-heading\" data-id=\"071354e\" data-element_type=\"widget\" data-settings=\"{&quot;_animation&quot;:&quot;fadeInUp&quot;,&quot;_animation_delay&quot;:300}\" data-widget_type=\"heading.default\">\n\t\t\t\t<div class=\"elementor-widget-container\">\n\t\t\t\t\t<h5 class=\"elementor-heading-title elementor-size-default\">Coordinator<\/h5>\t\t\t\t<\/div>\n\t\t\t\t<\/div>\n\t\t\t\t<div class=\"elementor-element elementor-element-5481c21 elementor-list-item-link-inline elementor-icon-list--layout-traditional elementor-invisible elementor-widget elementor-widget-icon-list\" data-id=\"5481c21\" data-element_type=\"widget\" data-settings=\"{&quot;_animation&quot;:&quot;fadeInUp&quot;,&quot;_animation_delay&quot;:400}\" data-widget_type=\"icon-list.default\">\n\t\t\t\t<div class=\"elementor-widget-container\">\n\t\t\t\t\t\t\t<ul class=\"elementor-icon-list-items\">\n\t\t\t\t\t\t\t<li class=\"elementor-icon-list-item\">\n\t\t\t\t\t\t\t\t\t\t\t<span class=\"elementor-icon-list-icon\">\n\t\t\t\t\t\t\t<svg aria-hidden=\"true\" class=\"e-font-icon-svg e-fas-graduation-cap\" viewBox=\"0 0 640 512\" xmlns=\"http:\/\/www.w3.org\/2000\/svg\"><path d=\"M622.34 153.2L343.4 67.5c-15.2-4.67-31.6-4.67-46.79 0L17.66 153.2c-23.54 7.23-23.54 38.36 0 45.59l48.63 14.94c-10.67 13.19-17.23 29.28-17.88 46.9C38.78 266.15 32 276.11 32 288c0 10.78 5.68 19.85 13.86 25.65L20.33 428.53C18.11 438.52 25.71 448 35.94 448h56.11c10.24 0 17.84-9.48 15.62-19.47L82.14 313.65C90.32 307.85 96 298.78 96 288c0-11.57-6.47-21.25-15.66-26.87.76-15.02 8.44-28.3 20.69-36.72L296.6 284.5c9.06 2.78 26.44 6.25 46.79 0l278.95-85.7c23.55-7.24 23.55-38.36 0-45.6zM352.79 315.09c-28.53 8.76-52.84 3.92-65.59 0l-145.02-44.55L128 384c0 35.35 85.96 64 192 64s192-28.65 192-64l-14.18-113.47-145.03 44.56z\"><\/path><\/svg>\t\t\t\t\t\t<\/span>\n\t\t\t\t\t\t\t\t\t\t<span class=\"elementor-icon-list-text\">Sociology, anthropology<\/span>\n\t\t\t\t\t\t\t\t\t<\/li>\n\t\t\t\t\t\t\t\t<li class=\"elementor-icon-list-item\">\n\t\t\t\t\t\t\t\t\t\t\t<span class=\"elementor-icon-list-icon\">\n\t\t\t\t\t\t\t<svg aria-hidden=\"true\" class=\"e-font-icon-svg e-fas-university\" viewBox=\"0 0 512 512\" xmlns=\"http:\/\/www.w3.org\/2000\/svg\"><path d=\"M496 128v16a8 8 0 0 1-8 8h-24v12c0 6.627-5.373 12-12 12H60c-6.627 0-12-5.373-12-12v-12H24a8 8 0 0 1-8-8v-16a8 8 0 0 1 4.941-7.392l232-88a7.996 7.996 0 0 1 6.118 0l232 88A8 8 0 0 1 496 128zm-24 304H40c-13.255 0-24 10.745-24 24v16a8 8 0 0 0 8 8h464a8 8 0 0 0 8-8v-16c0-13.255-10.745-24-24-24zM96 192v192H60c-6.627 0-12 5.373-12 12v20h416v-20c0-6.627-5.373-12-12-12h-36V192h-64v192h-64V192h-64v192h-64V192H96z\"><\/path><\/svg>\t\t\t\t\t\t<\/span>\n\t\t\t\t\t\t\t\t\t\t<span class=\"elementor-icon-list-text\">Gaston Berger Saint-Louis University of Senegal<\/span>\n\t\t\t\t\t\t\t\t\t<\/li>\n\t\t\t\t\t\t\t\t<li class=\"elementor-icon-list-item\">\n\t\t\t\t\t\t\t\t\t\t\t<span class=\"elementor-icon-list-icon\">\n\t\t\t\t\t\t\t<svg aria-hidden=\"true\" class=\"e-font-icon-svg e-fas-link\" viewBox=\"0 0 512 512\" xmlns=\"http:\/\/www.w3.org\/2000\/svg\"><path d=\"M326.612 185.391c59.747 59.809 58.927 155.698.36 214.59-.11.12-.24.25-.36.37l-67.2 67.2c-59.27 59.27-155.699 59.262-214.96 0-59.27-59.26-59.27-155.7 0-214.96l37.106-37.106c9.84-9.84 26.786-3.3 27.294 10.606.648 17.722 3.826 35.527 9.69 52.721 1.986 5.822.567 12.262-3.783 16.612l-13.087 13.087c-28.026 28.026-28.905 73.66-1.155 101.96 28.024 28.579 74.086 28.749 102.325.51l67.2-67.19c28.191-28.191 28.073-73.757 0-101.83-3.701-3.694-7.429-6.564-10.341-8.569a16.037 16.037 0 0 1-6.947-12.606c-.396-10.567 3.348-21.456 11.698-29.806l21.054-21.055c5.521-5.521 14.182-6.199 20.584-1.731a152.482 152.482 0 0 1 20.522 17.197zM467.547 44.449c-59.261-59.262-155.69-59.27-214.96 0l-67.2 67.2c-.12.12-.25.25-.36.37-58.566 58.892-59.387 154.781.36 214.59a152.454 152.454 0 0 0 20.521 17.196c6.402 4.468 15.064 3.789 20.584-1.731l21.054-21.055c8.35-8.35 12.094-19.239 11.698-29.806a16.037 16.037 0 0 0-6.947-12.606c-2.912-2.005-6.64-4.875-10.341-8.569-28.073-28.073-28.191-73.639 0-101.83l67.2-67.19c28.239-28.239 74.3-28.069 102.325.51 27.75 28.3 26.872 73.934-1.155 101.96l-13.087 13.087c-4.35 4.35-5.769 10.79-3.783 16.612 5.864 17.194 9.042 34.999 9.69 52.721.509 13.906 17.454 20.446 27.294 10.606l37.106-37.106c59.271-59.259 59.271-155.699.001-214.959z\"><\/path><\/svg>\t\t\t\t\t\t<\/span>\n\t\t\t\t\t\t\t\t\t\t<span class=\"elementor-icon-list-text\">CRAC<\/span>\n\t\t\t\t\t\t\t\t\t<\/li>\n\t\t\t\t\t\t<\/ul>\n\t\t\t\t\t\t<\/div>\n\t\t\t\t<\/div>\n\t\t\t\t<div class=\"elementor-element elementor-element-75ce4a2 e-grid-align-left animated-slow e-grid-align-mobile-center elementor-shape-rounded elementor-grid-0 elementor-invisible elementor-widget elementor-widget-social-icons\" data-id=\"75ce4a2\" data-element_type=\"widget\" data-settings=\"{&quot;_animation&quot;:&quot;fadeInUp&quot;,&quot;_animation_delay&quot;:500}\" data-widget_type=\"social-icons.default\">\n\t\t\t\t<div class=\"elementor-widget-container\">\n\t\t\t\t\t\t\t<div class=\"elementor-social-icons-wrapper elementor-grid\">\n\t\t\t\t\t\t\t<span class=\"elementor-grid-item\">\n\t\t\t\t\t<a class=\"elementor-icon elementor-social-icon elementor-social-icon-envelope elementor-repeater-item-df510e7\" href=\"mailto:rachid.iy@ugb.edu.sn\" target=\"_blank\">\n\t\t\t\t\t\t<span class=\"elementor-screen-only\">Envelope<\/span>\n\t\t\t\t\t\t<svg class=\"e-font-icon-svg e-fas-envelope\" viewBox=\"0 0 512 512\" xmlns=\"http:\/\/www.w3.org\/2000\/svg\"><path d=\"M502.3 190.8c3.9-3.1 9.7-.2 9.7 4.7V400c0 26.5-21.5 48-48 48H48c-26.5 0-48-21.5-48-48V195.6c0-5 5.7-7.8 9.7-4.7 22.4 17.4 52.1 39.5 154.1 113.6 21.1 15.4 56.7 47.8 92.2 47.6 35.7.3 72-32.8 92.3-47.6 102-74.1 131.6-96.3 154-113.7zM256 320c23.2.4 56.6-29.2 73.4-41.4 132.7-96.3 142.8-104.7 173.4-128.7 5.8-4.5 9.2-11.5 9.2-18.9v-19c0-26.5-21.5-48-48-48H48C21.5 64 0 85.5 0 112v19c0 7.4 3.4 14.3 9.2 18.9 30.6 23.9 40.7 32.4 173.4 128.7 16.8 12.2 50.2 41.8 73.4 41.4z\"><\/path><\/svg>\t\t\t\t\t<\/a>\n\t\t\t\t<\/span>\n\t\t\t\t\t<\/div>\n\t\t\t\t\t\t<\/div>\n\t\t\t\t<\/div>\n\t\t\t\t<\/div>\n\t\t\t\t<\/div>\n\t\t\t\t\t<\/div>\n\t\t\t\t<\/div>\n\t\t<div class=\"elementor-element elementor-element-cdd2a03 e-flex e-con-boxed e-con e-parent\" data-id=\"cdd2a03\" data-element_type=\"container\">\n\t\t\t\t\t<div class=\"e-con-inner\">\n\t\t\t\t<div class=\"elementor-element elementor-element-15abdf2 elementor-invisible elementor-widget elementor-widget-heading\" data-id=\"15abdf2\" data-element_type=\"widget\" data-settings=\"{&quot;_animation&quot;:&quot;fadeInUp&quot;}\" data-widget_type=\"heading.default\">\n\t\t\t\t<div class=\"elementor-widget-container\">\n\t\t\t\t\t<h3 class=\"elementor-heading-title elementor-size-default\">Biography<\/h3>\t\t\t\t<\/div>\n\t\t\t\t<\/div>\n\t\t\t\t<div class=\"elementor-element elementor-element-78eb8bb animated-slow elementor-invisible elementor-widget elementor-widget-text-editor\" data-id=\"78eb8bb\" data-element_type=\"widget\" data-settings=\"{&quot;_animation&quot;:&quot;fadeInUp&quot;}\" data-widget_type=\"text-editor.default\">\n\t\t\t\t<div class=\"elementor-widget-container\">\n\t\t\t\t\t\t\t\t\t<p>Rachid ID YASSINE holds a doctorate from the <a class=\"custom-link\" href=\"https:\/\/www.ehess.fr\/fr\" target=\"_blank\" rel=\"noopener\">\u00c9cole des Hautes \u00c9tudes en Sciences Sociales<\/a> (Paris) and is a lecturer at <a class=\"custom-link\" href=\"https:\/\/www.ugb.sn\/fr\" target=\"_blank\" rel=\"noopener\">Gaston Berger University<\/a> (Senegal). Having taught at Sciences Po Lyon (France, 2017) and the <a class=\"custom-link\" href=\"https:\/\/www.univ-perp.fr\/\" target=\"_blank\" rel=\"noopener\">University of Perpignan<\/a> (France, 2007-2015), he has also been teaching at <a class=\"custom-link\" href=\"https:\/\/www.usaintlouis.be\/\" target=\"_blank\" rel=\"noopener\">Saint-Louis University in Brussels<\/a> (Belgium, since 2015). A graduate in sociology, anthropology and religious studies, Rachid ID YASSINE is a researcher and administrator at the <a href=\"https:\/\/laspad.org\/\" target=\"_blank\" rel=\"noopener\">Laboratory for the Analysis of Societies and Powers in Africa \/ Diasporas (LASPAD)<\/a>, where he coordinates the African Observatory of Religion. His current work focuses on the production of knowledge, artificial intelligence, democracy and youth, human security, conflicts and war crimes in Africa. Author of several articles and books, consultant, international expert and member of various scientific associations.    <\/p>\t\t\t\t\t\t\t\t<\/div>\n\t\t\t\t<\/div>\n\t\t\t\t\t<\/div>\n\t\t\t\t<\/div>\n\t\t\t\t<\/div>\n\t\t","protected":false},"excerpt":{"rendered":"<p>Coordinator Sociology, anthropology Gaston Berger Saint-Louis University of Senegal CRAC Envelope Biography Rachid ID YASSINE holds a doctorate from the \u00c9cole des Hautes \u00c9tudes en Sciences Sociales (Paris) and is a lecturer at Gaston Berger University (Senegal). Having taught at Sciences Po Lyon (France, 2017) and the University of Perpignan (France, 2007-2015), he has also [&hellip;]<\/p>\n","protected":false},"author":1,"featured_media":3348,"parent":3451,"menu_order":0,"comment_status":"closed","ping_status":"closed","template":"","meta":{"_acf_changed":false,"footnotes":""},"class_list":["post-3461","page","type-page","status-publish","has-post-thumbnail","hentry"],"acf":[],"yoast_head":"<!-- This site is optimized with the Yoast SEO plugin v27.5 - https:\/\/yoast.com\/product\/yoast-seo-wordpress\/ -->\n<title>Rachid ID YASSINE | BCS<\/title>\n<meta name=\"description\" content=\"Meet Rachid ID YASSINE, lecturer and researcher in sociology, artificial intelligence, security, and democracy in Africa.\" \/>\n<meta name=\"robots\" content=\"index, follow, max-snippet:-1, max-image-preview:large, max-video-preview:-1\" \/>\n<link rel=\"canonical\" href=\"https:\/\/citizen-security.org\/en\/team\/rachid-id-yassine\/\" \/>\n<meta property=\"og:locale\" content=\"en_US\" \/>\n<meta property=\"og:type\" content=\"article\" \/>\n<meta property=\"og:title\" content=\"Rachid ID YASSINE | BCS\" \/>\n<meta property=\"og:description\" content=\"Meet Rachid ID YASSINE, lecturer and researcher in sociology, artificial intelligence, security, and democracy in Africa.\" \/>\n<meta property=\"og:url\" content=\"https:\/\/citizen-security.org\/en\/team\/rachid-id-yassine\/\" \/>\n<meta property=\"og:site_name\" content=\"BCS\" \/>\n<meta property=\"article:publisher\" content=\"https:\/\/fr-fr.facebook.com\/laspad\/\" \/>\n<meta property=\"article:modified_time\" content=\"2025-05-09T13:39:19+00:00\" \/>\n<meta property=\"og:image\" content=\"https:\/\/citizen-security.org\/wp-content\/uploads\/2025\/02\/Rachid-ID-YASSINE.jpg\" \/>\n\t<meta property=\"og:image:width\" content=\"500\" \/>\n\t<meta property=\"og:image:height\" content=\"667\" \/>\n\t<meta property=\"og:image:type\" content=\"image\/jpeg\" \/>\n<meta name=\"twitter:card\" content=\"summary_large_image\" \/>\n<meta name=\"twitter:label1\" content=\"Est. reading time\" \/>\n\t<meta name=\"twitter:data1\" content=\"1 minute\" \/>\n<script type=\"application\/ld+json\" class=\"yoast-schema-graph\">{\"@context\":\"https:\\\/\\\/schema.org\",\"@graph\":[{\"@type\":\"WebPage\",\"@id\":\"https:\\\/\\\/citizen-security.org\\\/en\\\/team\\\/rachid-id-yassine\\\/\",\"url\":\"https:\\\/\\\/citizen-security.org\\\/en\\\/team\\\/rachid-id-yassine\\\/\",\"name\":\"Rachid ID YASSINE | BCS\",\"isPartOf\":{\"@id\":\"https:\\\/\\\/citizen-security.org\\\/en\\\/#website\"},\"primaryImageOfPage\":{\"@id\":\"https:\\\/\\\/citizen-security.org\\\/en\\\/team\\\/rachid-id-yassine\\\/#primaryimage\"},\"image\":{\"@id\":\"https:\\\/\\\/citizen-security.org\\\/en\\\/team\\\/rachid-id-yassine\\\/#primaryimage\"},\"thumbnailUrl\":\"https:\\\/\\\/citizen-security.org\\\/wp-content\\\/uploads\\\/2025\\\/02\\\/Rachid-ID-YASSINE.jpg\",\"datePublished\":\"2025-02-01T00:48:21+00:00\",\"dateModified\":\"2025-05-09T13:39:19+00:00\",\"description\":\"Meet Rachid ID YASSINE, lecturer and researcher in sociology, artificial intelligence, security, and democracy in Africa.\",\"breadcrumb\":{\"@id\":\"https:\\\/\\\/citizen-security.org\\\/en\\\/team\\\/rachid-id-yassine\\\/#breadcrumb\"},\"inLanguage\":\"en-US\",\"potentialAction\":[{\"@type\":\"ReadAction\",\"target\":[\"https:\\\/\\\/citizen-security.org\\\/en\\\/team\\\/rachid-id-yassine\\\/\"]}]},{\"@type\":\"ImageObject\",\"inLanguage\":\"en-US\",\"@id\":\"https:\\\/\\\/citizen-security.org\\\/en\\\/team\\\/rachid-id-yassine\\\/#primaryimage\",\"url\":\"https:\\\/\\\/citizen-security.org\\\/wp-content\\\/uploads\\\/2025\\\/02\\\/Rachid-ID-YASSINE.jpg\",\"contentUrl\":\"https:\\\/\\\/citizen-security.org\\\/wp-content\\\/uploads\\\/2025\\\/02\\\/Rachid-ID-YASSINE.jpg\",\"width\":500,\"height\":667},{\"@type\":\"BreadcrumbList\",\"@id\":\"https:\\\/\\\/citizen-security.org\\\/en\\\/team\\\/rachid-id-yassine\\\/#breadcrumb\",\"itemListElement\":[{\"@type\":\"ListItem\",\"position\":1,\"name\":\"Accueil\",\"item\":\"https:\\\/\\\/citizen-security.org\\\/en\\\/home\\\/\"},{\"@type\":\"ListItem\",\"position\":2,\"name\":\"Team\",\"item\":\"https:\\\/\\\/citizen-security.org\\\/en\\\/team\\\/\"},{\"@type\":\"ListItem\",\"position\":3,\"name\":\"Rachid ID YASSINE\"}]},{\"@type\":\"WebSite\",\"@id\":\"https:\\\/\\\/citizen-security.org\\\/en\\\/#website\",\"url\":\"https:\\\/\\\/citizen-security.org\\\/en\\\/\",\"name\":\"Barometre citoyen de la s\u00e9curit\u00e9\",\"description\":\"La s\u00e9curit\u00e9 : une affaire de tous, au service de chacun\",\"publisher\":{\"@id\":\"https:\\\/\\\/citizen-security.org\\\/en\\\/#organization\"},\"alternateName\":\"BCS\",\"potentialAction\":[{\"@type\":\"SearchAction\",\"target\":{\"@type\":\"EntryPoint\",\"urlTemplate\":\"https:\\\/\\\/citizen-security.org\\\/en\\\/?s={search_term_string}\"},\"query-input\":{\"@type\":\"PropertyValueSpecification\",\"valueRequired\":true,\"valueName\":\"search_term_string\"}}],\"inLanguage\":\"en-US\"},{\"@type\":\"Organization\",\"@id\":\"https:\\\/\\\/citizen-security.org\\\/en\\\/#organization\",\"name\":\"Barom\u00e8tre Citoyen de la S\u00e9curit\u00e9\",\"alternateName\":\"BCS\",\"url\":\"https:\\\/\\\/citizen-security.org\\\/en\\\/\",\"logo\":{\"@type\":\"ImageObject\",\"inLanguage\":\"en-US\",\"@id\":\"https:\\\/\\\/citizen-security.org\\\/en\\\/#\\\/schema\\\/logo\\\/image\\\/\",\"url\":\"https:\\\/\\\/citizen-security.org\\\/wp-content\\\/uploads\\\/2025\\\/05\\\/cropped-VRAI-LOGO-BSC.png\",\"contentUrl\":\"https:\\\/\\\/citizen-security.org\\\/wp-content\\\/uploads\\\/2025\\\/05\\\/cropped-VRAI-LOGO-BSC.png\",\"width\":2053,\"height\":1524,\"caption\":\"Barom\u00e8tre Citoyen de la S\u00e9curit\u00e9\"},\"image\":{\"@id\":\"https:\\\/\\\/citizen-security.org\\\/en\\\/#\\\/schema\\\/logo\\\/image\\\/\"},\"sameAs\":[\"https:\\\/\\\/fr-fr.facebook.com\\\/laspad\\\/\",\"https:\\\/\\\/www.linkedin.com\\\/company\\\/laspad-bcs\\\/\"]}]}<\/script>\n<!-- \/ Yoast SEO plugin. -->","yoast_head_json":{"title":"Rachid ID YASSINE | BCS","description":"Meet Rachid ID YASSINE, lecturer and researcher in sociology, artificial intelligence, security, and democracy in Africa.","robots":{"index":"index","follow":"follow","max-snippet":"max-snippet:-1","max-image-preview":"max-image-preview:large","max-video-preview":"max-video-preview:-1"},"canonical":"https:\/\/citizen-security.org\/en\/team\/rachid-id-yassine\/","og_locale":"en_US","og_type":"article","og_title":"Rachid ID YASSINE | BCS","og_description":"Meet Rachid ID YASSINE, lecturer and researcher in sociology, artificial intelligence, security, and democracy in Africa.","og_url":"https:\/\/citizen-security.org\/en\/team\/rachid-id-yassine\/","og_site_name":"BCS","article_publisher":"https:\/\/fr-fr.facebook.com\/laspad\/","article_modified_time":"2025-05-09T13:39:19+00:00","og_image":[{"width":500,"height":667,"url":"https:\/\/citizen-security.org\/wp-content\/uploads\/2025\/02\/Rachid-ID-YASSINE.jpg","type":"image\/jpeg"}],"twitter_card":"summary_large_image","twitter_misc":{"Est. reading time":"1 minute"},"schema":{"@context":"https:\/\/schema.org","@graph":[{"@type":"WebPage","@id":"https:\/\/citizen-security.org\/en\/team\/rachid-id-yassine\/","url":"https:\/\/citizen-security.org\/en\/team\/rachid-id-yassine\/","name":"Rachid ID YASSINE | BCS","isPartOf":{"@id":"https:\/\/citizen-security.org\/en\/#website"},"primaryImageOfPage":{"@id":"https:\/\/citizen-security.org\/en\/team\/rachid-id-yassine\/#primaryimage"},"image":{"@id":"https:\/\/citizen-security.org\/en\/team\/rachid-id-yassine\/#primaryimage"},"thumbnailUrl":"https:\/\/citizen-security.org\/wp-content\/uploads\/2025\/02\/Rachid-ID-YASSINE.jpg","datePublished":"2025-02-01T00:48:21+00:00","dateModified":"2025-05-09T13:39:19+00:00","description":"Meet Rachid ID YASSINE, lecturer and researcher in sociology, artificial intelligence, security, and democracy in Africa.","breadcrumb":{"@id":"https:\/\/citizen-security.org\/en\/team\/rachid-id-yassine\/#breadcrumb"},"inLanguage":"en-US","potentialAction":[{"@type":"ReadAction","target":["https:\/\/citizen-security.org\/en\/team\/rachid-id-yassine\/"]}]},{"@type":"ImageObject","inLanguage":"en-US","@id":"https:\/\/citizen-security.org\/en\/team\/rachid-id-yassine\/#primaryimage","url":"https:\/\/citizen-security.org\/wp-content\/uploads\/2025\/02\/Rachid-ID-YASSINE.jpg","contentUrl":"https:\/\/citizen-security.org\/wp-content\/uploads\/2025\/02\/Rachid-ID-YASSINE.jpg","width":500,"height":667},{"@type":"BreadcrumbList","@id":"https:\/\/citizen-security.org\/en\/team\/rachid-id-yassine\/#breadcrumb","itemListElement":[{"@type":"ListItem","position":1,"name":"Accueil","item":"https:\/\/citizen-security.org\/en\/home\/"},{"@type":"ListItem","position":2,"name":"Team","item":"https:\/\/citizen-security.org\/en\/team\/"},{"@type":"ListItem","position":3,"name":"Rachid ID YASSINE"}]},{"@type":"WebSite","@id":"https:\/\/citizen-security.org\/en\/#website","url":"https:\/\/citizen-security.org\/en\/","name":"Barometre citoyen de la s\u00e9curit\u00e9","description":"La s\u00e9curit\u00e9 : une affaire de tous, au service de chacun","publisher":{"@id":"https:\/\/citizen-security.org\/en\/#organization"},"alternateName":"BCS","potentialAction":[{"@type":"SearchAction","target":{"@type":"EntryPoint","urlTemplate":"https:\/\/citizen-security.org\/en\/?s={search_term_string}"},"query-input":{"@type":"PropertyValueSpecification","valueRequired":true,"valueName":"search_term_string"}}],"inLanguage":"en-US"},{"@type":"Organization","@id":"https:\/\/citizen-security.org\/en\/#organization","name":"Barom\u00e8tre Citoyen de la S\u00e9curit\u00e9","alternateName":"BCS","url":"https:\/\/citizen-security.org\/en\/","logo":{"@type":"ImageObject","inLanguage":"en-US","@id":"https:\/\/citizen-security.org\/en\/#\/schema\/logo\/image\/","url":"https:\/\/citizen-security.org\/wp-content\/uploads\/2025\/05\/cropped-VRAI-LOGO-BSC.png","contentUrl":"https:\/\/citizen-security.org\/wp-content\/uploads\/2025\/05\/cropped-VRAI-LOGO-BSC.png","width":2053,"height":1524,"caption":"Barom\u00e8tre Citoyen de la S\u00e9curit\u00e9"},"image":{"@id":"https:\/\/citizen-security.org\/en\/#\/schema\/logo\/image\/"},"sameAs":["https:\/\/fr-fr.facebook.com\/laspad\/","https:\/\/www.linkedin.com\/company\/laspad-bcs\/"]}]}},"_links":{"self":[{"href":"https:\/\/citizen-security.org\/en\/wp-json\/wp\/v2\/pages\/3461","targetHints":{"allow":["GET"]}}],"collection":[{"href":"https:\/\/citizen-security.org\/en\/wp-json\/wp\/v2\/pages"}],"about":[{"href":"https:\/\/citizen-security.org\/en\/wp-json\/wp\/v2\/types\/page"}],"author":[{"embeddable":true,"href":"https:\/\/citizen-security.org\/en\/wp-json\/wp\/v2\/users\/1"}],"replies":[{"embeddable":true,"href":"https:\/\/citizen-security.org\/en\/wp-json\/wp\/v2\/comments?post=3461"}],"version-history":[{"count":1,"href":"https:\/\/citizen-security.org\/en\/wp-json\/wp\/v2\/pages\/3461\/revisions"}],"predecessor-version":[{"id":3462,"href":"https:\/\/citizen-security.org\/en\/wp-json\/wp\/v2\/pages\/3461\/revisions\/3462"}],"up":[{"embeddable":true,"href":"https:\/\/citizen-security.org\/en\/wp-json\/wp\/v2\/pages\/3451"}],"wp:featuredmedia":[{"embeddable":true,"href":"https:\/\/citizen-security.org\/en\/wp-json\/wp\/v2\/media\/3348"}],"wp:attachment":[{"href":"https:\/\/citizen-security.org\/en\/wp-json\/wp\/v2\/media?parent=3461"}],"curies":[{"name":"wp","href":"https:\/\/api.w.org\/{rel}","templated":true}]}}