{"id":3459,"date":"2025-02-01T01:00:41","date_gmt":"2025-02-01T01:00:41","guid":{"rendered":"https:\/\/citizen-security.org\/team\/ndeye-khady-diop\/"},"modified":"2025-05-09T13:31:54","modified_gmt":"2025-05-09T13:31:54","slug":"ndeye-khady-diop","status":"publish","type":"page","link":"https:\/\/citizen-security.org\/en\/team\/ndeye-khady-diop\/","title":{"rendered":"Nd\u00e8ye Khady DIOP"},"content":{"rendered":"\t\t<div data-elementor-type=\"wp-page\" data-elementor-id=\"3459\" class=\"elementor elementor-3459 elementor-1384\" data-elementor-post-type=\"page\">\n\t\t\t\t<div class=\"elementor-element elementor-element-4191d4f e-flex e-con-boxed e-con e-parent\" data-id=\"4191d4f\" data-element_type=\"container\" data-settings=\"{&quot;background_background&quot;:&quot;classic&quot;}\">\n\t\t\t\t\t<div class=\"e-con-inner\">\n\t\t\t\t<div class=\"elementor-element elementor-element-5f80d69 elementor-widget elementor-widget-breadcrumbs\" data-id=\"5f80d69\" data-element_type=\"widget\" data-widget_type=\"breadcrumbs.default\">\n\t\t\t\t<div class=\"elementor-widget-container\">\n\t\t\t\t\t<p id=\"breadcrumbs\"><span><span><a href=\"https:\/\/citizen-security.org\/en\/home\/\">Accueil<\/a><\/span><\/span><\/p>\t\t\t\t<\/div>\n\t\t\t\t<\/div>\n\t\t\t\t\t<\/div>\n\t\t\t\t<\/div>\n\t\t<div class=\"elementor-element elementor-element-5cb1256 e-flex e-con-boxed e-con e-parent\" data-id=\"5cb1256\" data-element_type=\"container\" data-settings=\"{&quot;background_background&quot;:&quot;gradient&quot;}\">\n\t\t\t\t\t<div class=\"e-con-inner\">\n\t\t<div class=\"elementor-element elementor-element-7bc0f6a e-con-full e-flex e-con e-child\" data-id=\"7bc0f6a\" data-element_type=\"container\">\n\t\t<div class=\"elementor-element elementor-element-2c988e1 e-con-full e-flex e-con e-child\" data-id=\"2c988e1\" data-element_type=\"container\">\n\t\t\t\t<div class=\"elementor-element elementor-element-2e34e8f elementor-widget__width-initial elementor-invisible elementor-widget elementor-widget-image\" data-id=\"2e34e8f\" data-element_type=\"widget\" data-settings=\"{&quot;_animation&quot;:&quot;fadeInUp&quot;}\" data-widget_type=\"image.default\">\n\t\t\t\t<div class=\"elementor-widget-container\">\n\t\t\t\t\t\t\t\t\t\t\t\t\t\t\t<img fetchpriority=\"high\" decoding=\"async\" width=\"500\" height=\"667\" src=\"https:\/\/citizen-security.org\/wp-content\/uploads\/2025\/02\/Ndeye-Khady-DIOP.jpg\" class=\"attachment-2048x2048 size-2048x2048 wp-image-3347\" alt=\"\" srcset=\"https:\/\/citizen-security.org\/wp-content\/uploads\/2025\/02\/Ndeye-Khady-DIOP.jpg 500w, https:\/\/citizen-security.org\/wp-content\/uploads\/2025\/02\/Ndeye-Khady-DIOP-225x300.jpg 225w\" sizes=\"(max-width: 500px) 100vw, 500px\" \/>\t\t\t\t\t\t\t\t\t\t\t\t\t\t\t<\/div>\n\t\t\t\t<\/div>\n\t\t\t\t<\/div>\n\t\t<div class=\"elementor-element elementor-element-8b3ba11 e-con-full e-flex e-con e-child\" data-id=\"8b3ba11\" data-element_type=\"container\">\n\t\t\t\t<div class=\"elementor-element elementor-element-276c030 elementor-invisible elementor-widget elementor-widget-heading\" data-id=\"276c030\" data-element_type=\"widget\" data-settings=\"{&quot;_animation&quot;:&quot;fadeIn&quot;,&quot;_animation_delay&quot;:200}\" data-widget_type=\"heading.default\">\n\t\t\t\t<div class=\"elementor-widget-container\">\n\t\t\t\t\t<h3 class=\"elementor-heading-title elementor-size-default\">Nd\u00e8ye Khady DIOP<\/h3>\t\t\t\t<\/div>\n\t\t\t\t<\/div>\n\t\t\t\t<div class=\"elementor-element elementor-element-4a1fa7c animated-slow elementor-invisible elementor-widget elementor-widget-heading\" data-id=\"4a1fa7c\" data-element_type=\"widget\" data-settings=\"{&quot;_animation&quot;:&quot;fadeInUp&quot;,&quot;_animation_delay&quot;:300}\" data-widget_type=\"heading.default\">\n\t\t\t\t<div class=\"elementor-widget-container\">\n\t\t\t\t\t<h5 class=\"elementor-heading-title elementor-size-default\">Project manager<\/h5>\t\t\t\t<\/div>\n\t\t\t\t<\/div>\n\t\t\t\t<div class=\"elementor-element elementor-element-27f154f elementor-list-item-link-inline elementor-icon-list--layout-traditional elementor-invisible elementor-widget elementor-widget-icon-list\" data-id=\"27f154f\" data-element_type=\"widget\" data-settings=\"{&quot;_animation&quot;:&quot;fadeInUp&quot;,&quot;_animation_delay&quot;:400}\" data-widget_type=\"icon-list.default\">\n\t\t\t\t<div class=\"elementor-widget-container\">\n\t\t\t\t\t\t\t<ul class=\"elementor-icon-list-items\">\n\t\t\t\t\t\t\t<li class=\"elementor-icon-list-item\">\n\t\t\t\t\t\t\t\t\t\t\t<span class=\"elementor-icon-list-icon\">\n\t\t\t\t\t\t\t<svg aria-hidden=\"true\" class=\"e-font-icon-svg e-fas-graduation-cap\" viewBox=\"0 0 640 512\" xmlns=\"http:\/\/www.w3.org\/2000\/svg\"><path d=\"M622.34 153.2L343.4 67.5c-15.2-4.67-31.6-4.67-46.79 0L17.66 153.2c-23.54 7.23-23.54 38.36 0 45.59l48.63 14.94c-10.67 13.19-17.23 29.28-17.88 46.9C38.78 266.15 32 276.11 32 288c0 10.78 5.68 19.85 13.86 25.65L20.33 428.53C18.11 438.52 25.71 448 35.94 448h56.11c10.24 0 17.84-9.48 15.62-19.47L82.14 313.65C90.32 307.85 96 298.78 96 288c0-11.57-6.47-21.25-15.66-26.87.76-15.02 8.44-28.3 20.69-36.72L296.6 284.5c9.06 2.78 26.44 6.25 46.79 0l278.95-85.7c23.55-7.24 23.55-38.36 0-45.6zM352.79 315.09c-28.53 8.76-52.84 3.92-65.59 0l-145.02-44.55L128 384c0 35.35 85.96 64 192 64s192-28.65 192-64l-14.18-113.47-145.03 44.56z\"><\/path><\/svg>\t\t\t\t\t\t<\/span>\n\t\t\t\t\t\t\t\t\t\t<span class=\"elementor-icon-list-text\">Political science<\/span>\n\t\t\t\t\t\t\t\t\t<\/li>\n\t\t\t\t\t\t\t\t<li class=\"elementor-icon-list-item\">\n\t\t\t\t\t\t\t\t\t\t\t<span class=\"elementor-icon-list-icon\">\n\t\t\t\t\t\t\t<svg aria-hidden=\"true\" class=\"e-font-icon-svg e-fas-university\" viewBox=\"0 0 512 512\" xmlns=\"http:\/\/www.w3.org\/2000\/svg\"><path d=\"M496 128v16a8 8 0 0 1-8 8h-24v12c0 6.627-5.373 12-12 12H60c-6.627 0-12-5.373-12-12v-12H24a8 8 0 0 1-8-8v-16a8 8 0 0 1 4.941-7.392l232-88a7.996 7.996 0 0 1 6.118 0l232 88A8 8 0 0 1 496 128zm-24 304H40c-13.255 0-24 10.745-24 24v16a8 8 0 0 0 8 8h464a8 8 0 0 0 8-8v-16c0-13.255-10.745-24-24-24zM96 192v192H60c-6.627 0-12 5.373-12 12v20h416v-20c0-6.627-5.373-12-12-12h-36V192h-64v192h-64V192h-64v192h-64V192H96z\"><\/path><\/svg>\t\t\t\t\t\t<\/span>\n\t\t\t\t\t\t\t\t\t\t<span class=\"elementor-icon-list-text\">Gaston Berger University of Saint-Louis<\/span>\n\t\t\t\t\t\t\t\t\t<\/li>\n\t\t\t\t\t\t\t\t<li class=\"elementor-icon-list-item\">\n\t\t\t\t\t\t\t\t\t\t\t<a href=\"mailto:dykhadiop5@gmail.com\">\n\n\t\t\t\t\t\t\t\t\t\t\t\t<span class=\"elementor-icon-list-icon\">\n\t\t\t\t\t\t\t<svg aria-hidden=\"true\" class=\"e-font-icon-svg e-fas-envelope\" viewBox=\"0 0 512 512\" xmlns=\"http:\/\/www.w3.org\/2000\/svg\"><path d=\"M502.3 190.8c3.9-3.1 9.7-.2 9.7 4.7V400c0 26.5-21.5 48-48 48H48c-26.5 0-48-21.5-48-48V195.6c0-5 5.7-7.8 9.7-4.7 22.4 17.4 52.1 39.5 154.1 113.6 21.1 15.4 56.7 47.8 92.2 47.6 35.7.3 72-32.8 92.3-47.6 102-74.1 131.6-96.3 154-113.7zM256 320c23.2.4 56.6-29.2 73.4-41.4 132.7-96.3 142.8-104.7 173.4-128.7 5.8-4.5 9.2-11.5 9.2-18.9v-19c0-26.5-21.5-48-48-48H48C21.5 64 0 85.5 0 112v19c0 7.4 3.4 14.3 9.2 18.9 30.6 23.9 40.7 32.4 173.4 128.7 16.8 12.2 50.2 41.8 73.4 41.4z\"><\/path><\/svg>\t\t\t\t\t\t<\/span>\n\t\t\t\t\t\t\t\t\t\t<span class=\"elementor-icon-list-text\">dykhadiop5@gmail.com<\/span>\n\t\t\t\t\t\t\t\t\t\t\t<\/a>\n\t\t\t\t\t\t\t\t\t<\/li>\n\t\t\t\t\t\t<\/ul>\n\t\t\t\t\t\t<\/div>\n\t\t\t\t<\/div>\n\t\t\t\t<div class=\"elementor-element elementor-element-798ff4d e-grid-align-left animated-slow e-grid-align-mobile-center elementor-shape-rounded elementor-grid-0 elementor-invisible elementor-widget elementor-widget-social-icons\" data-id=\"798ff4d\" data-element_type=\"widget\" data-settings=\"{&quot;_animation&quot;:&quot;fadeInUp&quot;,&quot;_animation_delay&quot;:500}\" data-widget_type=\"social-icons.default\">\n\t\t\t\t<div class=\"elementor-widget-container\">\n\t\t\t\t\t\t\t<div class=\"elementor-social-icons-wrapper elementor-grid\">\n\t\t\t\t\t\t\t<span class=\"elementor-grid-item\">\n\t\t\t\t\t<a class=\"elementor-icon elementor-social-icon elementor-social-icon-linkedin elementor-repeater-item-df510e7\" href=\"https:\/\/www.linkedin.com\/in\/nd%C3%A8ye-khady-diop-499801170?utm_source=share&#038;utm_campaign=share_via&#038;utm_content=profile&#038;utm_medium=ios_app\" target=\"_blank\">\n\t\t\t\t\t\t<span class=\"elementor-screen-only\">Linkedin<\/span>\n\t\t\t\t\t\t<svg class=\"e-font-icon-svg e-fab-linkedin\" viewBox=\"0 0 448 512\" xmlns=\"http:\/\/www.w3.org\/2000\/svg\"><path d=\"M416 32H31.9C14.3 32 0 46.5 0 64.3v383.4C0 465.5 14.3 480 31.9 480H416c17.6 0 32-14.5 32-32.3V64.3c0-17.8-14.4-32.3-32-32.3zM135.4 416H69V202.2h66.5V416zm-33.2-243c-21.3 0-38.5-17.3-38.5-38.5S80.9 96 102.2 96c21.2 0 38.5 17.3 38.5 38.5 0 21.3-17.2 38.5-38.5 38.5zm282.1 243h-66.4V312c0-24.8-.5-56.7-34.5-56.7-34.6 0-39.9 27-39.9 54.9V416h-66.4V202.2h63.7v29.2h.9c8.9-16.8 30.6-34.5 62.9-34.5 67.2 0 79.7 44.3 79.7 101.9V416z\"><\/path><\/svg>\t\t\t\t\t<\/a>\n\t\t\t\t<\/span>\n\t\t\t\t\t<\/div>\n\t\t\t\t\t\t<\/div>\n\t\t\t\t<\/div>\n\t\t\t\t<\/div>\n\t\t\t\t<\/div>\n\t\t\t\t\t<\/div>\n\t\t\t\t<\/div>\n\t\t<div class=\"elementor-element elementor-element-cdd2a03 e-flex e-con-boxed e-con e-parent\" data-id=\"cdd2a03\" data-element_type=\"container\">\n\t\t\t\t\t<div class=\"e-con-inner\">\n\t\t\t\t<div class=\"elementor-element elementor-element-15abdf2 elementor-invisible elementor-widget elementor-widget-heading\" data-id=\"15abdf2\" data-element_type=\"widget\" data-settings=\"{&quot;_animation&quot;:&quot;fadeInUp&quot;}\" data-widget_type=\"heading.default\">\n\t\t\t\t<div class=\"elementor-widget-container\">\n\t\t\t\t\t<h3 class=\"elementor-heading-title elementor-size-default\">Biography<\/h3>\t\t\t\t<\/div>\n\t\t\t\t<\/div>\n\t\t\t\t<div class=\"elementor-element elementor-element-78eb8bb animated-slow elementor-invisible elementor-widget elementor-widget-text-editor\" data-id=\"78eb8bb\" data-element_type=\"widget\" data-settings=\"{&quot;_animation&quot;:&quot;fadeInUp&quot;}\" data-widget_type=\"text-editor.default\">\n\t\t\t\t<div class=\"elementor-widget-container\">\n\t\t\t\t\t\t\t\t\t<p>Nd\u00e8ye Khady DIOP holds a degree in public communication and political science and is currently a doctoral student in political science at <a href=\"http:\/\/ugb.sn\/fr\" target=\"_blank\" rel=\"noopener\">Gaston Berger University in Saint-Louis (UGB)<\/a>. Passionate about issues related to terrorism as well as public and political communication, her thesis topic is entitled: Construction and deconstruction of jihadist discourse: analysis of the role of communication in the fight against Islamist terrorism. Nd\u00e8ye Khady DIOP currently holds the position of junior research assistant in the Seminars project at <a href=\"https:\/\/laspad.org\" target=\"_blank\" rel=\"noopener\">LASPAD<\/a>.  <\/p>\t\t\t\t\t\t\t\t<\/div>\n\t\t\t\t<\/div>\n\t\t\t\t\t<\/div>\n\t\t\t\t<\/div>\n\t\t\t\t<\/div>\n\t\t","protected":false},"excerpt":{"rendered":"<p>Project manager Political science Gaston Berger University of Saint-Louis dykhadiop5@gmail.com Linkedin Biography Nd\u00e8ye Khady DIOP holds a degree in public communication and political science and is currently a doctoral student in political science at Gaston Berger University in Saint-Louis (UGB). Passionate about issues related to terrorism as well as public and political communication, her thesis [&hellip;]<\/p>\n","protected":false},"author":1,"featured_media":3347,"parent":3451,"menu_order":0,"comment_status":"closed","ping_status":"closed","template":"","meta":{"_acf_changed":false,"footnotes":""},"class_list":["post-3459","page","type-page","status-publish","has-post-thumbnail","hentry"],"acf":[],"yoast_head":"<!-- This site is optimized with the Yoast SEO plugin v27.5 - https:\/\/yoast.com\/product\/yoast-seo-wordpress\/ -->\n<title>Nd\u00e8ye Khady DIOP | BCS<\/title>\n<meta name=\"description\" content=\"Nd\u00e8ye Khady DIOP, a doctoral student in political science, studies jihadist discourse and communication in the fight against terrorism.\" \/>\n<meta name=\"robots\" content=\"index, follow, max-snippet:-1, max-image-preview:large, max-video-preview:-1\" \/>\n<link rel=\"canonical\" href=\"https:\/\/citizen-security.org\/en\/team\/ndeye-khady-diop\/\" \/>\n<meta property=\"og:locale\" content=\"en_US\" \/>\n<meta property=\"og:type\" content=\"article\" \/>\n<meta property=\"og:title\" content=\"Nd\u00e8ye Khady DIOP | BCS\" \/>\n<meta property=\"og:description\" content=\"Nd\u00e8ye Khady DIOP, a doctoral student in political science, studies jihadist discourse and communication in the fight against terrorism.\" \/>\n<meta property=\"og:url\" content=\"https:\/\/citizen-security.org\/en\/team\/ndeye-khady-diop\/\" \/>\n<meta property=\"og:site_name\" content=\"BCS\" \/>\n<meta property=\"article:publisher\" content=\"https:\/\/fr-fr.facebook.com\/laspad\/\" \/>\n<meta property=\"article:modified_time\" content=\"2025-05-09T13:31:54+00:00\" \/>\n<meta property=\"og:image\" content=\"https:\/\/citizen-security.org\/wp-content\/uploads\/2025\/02\/Ndeye-Khady-DIOP.jpg\" \/>\n\t<meta property=\"og:image:width\" content=\"500\" \/>\n\t<meta property=\"og:image:height\" content=\"667\" \/>\n\t<meta property=\"og:image:type\" content=\"image\/jpeg\" \/>\n<meta name=\"twitter:card\" content=\"summary_large_image\" \/>\n<script type=\"application\/ld+json\" class=\"yoast-schema-graph\">{\"@context\":\"https:\\\/\\\/schema.org\",\"@graph\":[{\"@type\":\"WebPage\",\"@id\":\"https:\\\/\\\/citizen-security.org\\\/en\\\/team\\\/ndeye-khady-diop\\\/\",\"url\":\"https:\\\/\\\/citizen-security.org\\\/en\\\/team\\\/ndeye-khady-diop\\\/\",\"name\":\"Nd\u00e8ye Khady DIOP | BCS\",\"isPartOf\":{\"@id\":\"https:\\\/\\\/citizen-security.org\\\/en\\\/#website\"},\"primaryImageOfPage\":{\"@id\":\"https:\\\/\\\/citizen-security.org\\\/en\\\/team\\\/ndeye-khady-diop\\\/#primaryimage\"},\"image\":{\"@id\":\"https:\\\/\\\/citizen-security.org\\\/en\\\/team\\\/ndeye-khady-diop\\\/#primaryimage\"},\"thumbnailUrl\":\"https:\\\/\\\/citizen-security.org\\\/wp-content\\\/uploads\\\/2025\\\/02\\\/Ndeye-Khady-DIOP.jpg\",\"datePublished\":\"2025-02-01T01:00:41+00:00\",\"dateModified\":\"2025-05-09T13:31:54+00:00\",\"description\":\"Nd\u00e8ye Khady DIOP, a doctoral student in political science, studies jihadist discourse and communication in the fight against terrorism.\",\"breadcrumb\":{\"@id\":\"https:\\\/\\\/citizen-security.org\\\/en\\\/team\\\/ndeye-khady-diop\\\/#breadcrumb\"},\"inLanguage\":\"en-US\",\"potentialAction\":[{\"@type\":\"ReadAction\",\"target\":[\"https:\\\/\\\/citizen-security.org\\\/en\\\/team\\\/ndeye-khady-diop\\\/\"]}]},{\"@type\":\"ImageObject\",\"inLanguage\":\"en-US\",\"@id\":\"https:\\\/\\\/citizen-security.org\\\/en\\\/team\\\/ndeye-khady-diop\\\/#primaryimage\",\"url\":\"https:\\\/\\\/citizen-security.org\\\/wp-content\\\/uploads\\\/2025\\\/02\\\/Ndeye-Khady-DIOP.jpg\",\"contentUrl\":\"https:\\\/\\\/citizen-security.org\\\/wp-content\\\/uploads\\\/2025\\\/02\\\/Ndeye-Khady-DIOP.jpg\",\"width\":500,\"height\":667},{\"@type\":\"BreadcrumbList\",\"@id\":\"https:\\\/\\\/citizen-security.org\\\/en\\\/team\\\/ndeye-khady-diop\\\/#breadcrumb\",\"itemListElement\":[{\"@type\":\"ListItem\",\"position\":1,\"name\":\"Accueil\",\"item\":\"https:\\\/\\\/citizen-security.org\\\/en\\\/home\\\/\"},{\"@type\":\"ListItem\",\"position\":2,\"name\":\"Team\",\"item\":\"https:\\\/\\\/citizen-security.org\\\/en\\\/team\\\/\"},{\"@type\":\"ListItem\",\"position\":3,\"name\":\"Nd\u00e8ye Khady DIOP\"}]},{\"@type\":\"WebSite\",\"@id\":\"https:\\\/\\\/citizen-security.org\\\/en\\\/#website\",\"url\":\"https:\\\/\\\/citizen-security.org\\\/en\\\/\",\"name\":\"Barometre citoyen de la s\u00e9curit\u00e9\",\"description\":\"La s\u00e9curit\u00e9 : une affaire de tous, au service de chacun\",\"publisher\":{\"@id\":\"https:\\\/\\\/citizen-security.org\\\/en\\\/#organization\"},\"alternateName\":\"BCS\",\"potentialAction\":[{\"@type\":\"SearchAction\",\"target\":{\"@type\":\"EntryPoint\",\"urlTemplate\":\"https:\\\/\\\/citizen-security.org\\\/en\\\/?s={search_term_string}\"},\"query-input\":{\"@type\":\"PropertyValueSpecification\",\"valueRequired\":true,\"valueName\":\"search_term_string\"}}],\"inLanguage\":\"en-US\"},{\"@type\":\"Organization\",\"@id\":\"https:\\\/\\\/citizen-security.org\\\/en\\\/#organization\",\"name\":\"Barom\u00e8tre Citoyen de la S\u00e9curit\u00e9\",\"alternateName\":\"BCS\",\"url\":\"https:\\\/\\\/citizen-security.org\\\/en\\\/\",\"logo\":{\"@type\":\"ImageObject\",\"inLanguage\":\"en-US\",\"@id\":\"https:\\\/\\\/citizen-security.org\\\/en\\\/#\\\/schema\\\/logo\\\/image\\\/\",\"url\":\"https:\\\/\\\/citizen-security.org\\\/wp-content\\\/uploads\\\/2025\\\/05\\\/cropped-VRAI-LOGO-BSC.png\",\"contentUrl\":\"https:\\\/\\\/citizen-security.org\\\/wp-content\\\/uploads\\\/2025\\\/05\\\/cropped-VRAI-LOGO-BSC.png\",\"width\":2053,\"height\":1524,\"caption\":\"Barom\u00e8tre Citoyen de la S\u00e9curit\u00e9\"},\"image\":{\"@id\":\"https:\\\/\\\/citizen-security.org\\\/en\\\/#\\\/schema\\\/logo\\\/image\\\/\"},\"sameAs\":[\"https:\\\/\\\/fr-fr.facebook.com\\\/laspad\\\/\",\"https:\\\/\\\/www.linkedin.com\\\/company\\\/laspad-bcs\\\/\"]}]}<\/script>\n<!-- \/ Yoast SEO plugin. -->","yoast_head_json":{"title":"Nd\u00e8ye Khady DIOP | BCS","description":"Nd\u00e8ye Khady DIOP, a doctoral student in political science, studies jihadist discourse and communication in the fight against terrorism.","robots":{"index":"index","follow":"follow","max-snippet":"max-snippet:-1","max-image-preview":"max-image-preview:large","max-video-preview":"max-video-preview:-1"},"canonical":"https:\/\/citizen-security.org\/en\/team\/ndeye-khady-diop\/","og_locale":"en_US","og_type":"article","og_title":"Nd\u00e8ye Khady DIOP | BCS","og_description":"Nd\u00e8ye Khady DIOP, a doctoral student in political science, studies jihadist discourse and communication in the fight against terrorism.","og_url":"https:\/\/citizen-security.org\/en\/team\/ndeye-khady-diop\/","og_site_name":"BCS","article_publisher":"https:\/\/fr-fr.facebook.com\/laspad\/","article_modified_time":"2025-05-09T13:31:54+00:00","og_image":[{"width":500,"height":667,"url":"https:\/\/citizen-security.org\/wp-content\/uploads\/2025\/02\/Ndeye-Khady-DIOP.jpg","type":"image\/jpeg"}],"twitter_card":"summary_large_image","schema":{"@context":"https:\/\/schema.org","@graph":[{"@type":"WebPage","@id":"https:\/\/citizen-security.org\/en\/team\/ndeye-khady-diop\/","url":"https:\/\/citizen-security.org\/en\/team\/ndeye-khady-diop\/","name":"Nd\u00e8ye Khady DIOP | BCS","isPartOf":{"@id":"https:\/\/citizen-security.org\/en\/#website"},"primaryImageOfPage":{"@id":"https:\/\/citizen-security.org\/en\/team\/ndeye-khady-diop\/#primaryimage"},"image":{"@id":"https:\/\/citizen-security.org\/en\/team\/ndeye-khady-diop\/#primaryimage"},"thumbnailUrl":"https:\/\/citizen-security.org\/wp-content\/uploads\/2025\/02\/Ndeye-Khady-DIOP.jpg","datePublished":"2025-02-01T01:00:41+00:00","dateModified":"2025-05-09T13:31:54+00:00","description":"Nd\u00e8ye Khady DIOP, a doctoral student in political science, studies jihadist discourse and communication in the fight against terrorism.","breadcrumb":{"@id":"https:\/\/citizen-security.org\/en\/team\/ndeye-khady-diop\/#breadcrumb"},"inLanguage":"en-US","potentialAction":[{"@type":"ReadAction","target":["https:\/\/citizen-security.org\/en\/team\/ndeye-khady-diop\/"]}]},{"@type":"ImageObject","inLanguage":"en-US","@id":"https:\/\/citizen-security.org\/en\/team\/ndeye-khady-diop\/#primaryimage","url":"https:\/\/citizen-security.org\/wp-content\/uploads\/2025\/02\/Ndeye-Khady-DIOP.jpg","contentUrl":"https:\/\/citizen-security.org\/wp-content\/uploads\/2025\/02\/Ndeye-Khady-DIOP.jpg","width":500,"height":667},{"@type":"BreadcrumbList","@id":"https:\/\/citizen-security.org\/en\/team\/ndeye-khady-diop\/#breadcrumb","itemListElement":[{"@type":"ListItem","position":1,"name":"Accueil","item":"https:\/\/citizen-security.org\/en\/home\/"},{"@type":"ListItem","position":2,"name":"Team","item":"https:\/\/citizen-security.org\/en\/team\/"},{"@type":"ListItem","position":3,"name":"Nd\u00e8ye Khady DIOP"}]},{"@type":"WebSite","@id":"https:\/\/citizen-security.org\/en\/#website","url":"https:\/\/citizen-security.org\/en\/","name":"Barometre citoyen de la s\u00e9curit\u00e9","description":"La s\u00e9curit\u00e9 : une affaire de tous, au service de chacun","publisher":{"@id":"https:\/\/citizen-security.org\/en\/#organization"},"alternateName":"BCS","potentialAction":[{"@type":"SearchAction","target":{"@type":"EntryPoint","urlTemplate":"https:\/\/citizen-security.org\/en\/?s={search_term_string}"},"query-input":{"@type":"PropertyValueSpecification","valueRequired":true,"valueName":"search_term_string"}}],"inLanguage":"en-US"},{"@type":"Organization","@id":"https:\/\/citizen-security.org\/en\/#organization","name":"Barom\u00e8tre Citoyen de la S\u00e9curit\u00e9","alternateName":"BCS","url":"https:\/\/citizen-security.org\/en\/","logo":{"@type":"ImageObject","inLanguage":"en-US","@id":"https:\/\/citizen-security.org\/en\/#\/schema\/logo\/image\/","url":"https:\/\/citizen-security.org\/wp-content\/uploads\/2025\/05\/cropped-VRAI-LOGO-BSC.png","contentUrl":"https:\/\/citizen-security.org\/wp-content\/uploads\/2025\/05\/cropped-VRAI-LOGO-BSC.png","width":2053,"height":1524,"caption":"Barom\u00e8tre Citoyen de la S\u00e9curit\u00e9"},"image":{"@id":"https:\/\/citizen-security.org\/en\/#\/schema\/logo\/image\/"},"sameAs":["https:\/\/fr-fr.facebook.com\/laspad\/","https:\/\/www.linkedin.com\/company\/laspad-bcs\/"]}]}},"_links":{"self":[{"href":"https:\/\/citizen-security.org\/en\/wp-json\/wp\/v2\/pages\/3459","targetHints":{"allow":["GET"]}}],"collection":[{"href":"https:\/\/citizen-security.org\/en\/wp-json\/wp\/v2\/pages"}],"about":[{"href":"https:\/\/citizen-security.org\/en\/wp-json\/wp\/v2\/types\/page"}],"author":[{"embeddable":true,"href":"https:\/\/citizen-security.org\/en\/wp-json\/wp\/v2\/users\/1"}],"replies":[{"embeddable":true,"href":"https:\/\/citizen-security.org\/en\/wp-json\/wp\/v2\/comments?post=3459"}],"version-history":[{"count":1,"href":"https:\/\/citizen-security.org\/en\/wp-json\/wp\/v2\/pages\/3459\/revisions"}],"predecessor-version":[{"id":3460,"href":"https:\/\/citizen-security.org\/en\/wp-json\/wp\/v2\/pages\/3459\/revisions\/3460"}],"up":[{"embeddable":true,"href":"https:\/\/citizen-security.org\/en\/wp-json\/wp\/v2\/pages\/3451"}],"wp:featuredmedia":[{"embeddable":true,"href":"https:\/\/citizen-security.org\/en\/wp-json\/wp\/v2\/media\/3347"}],"wp:attachment":[{"href":"https:\/\/citizen-security.org\/en\/wp-json\/wp\/v2\/media?parent=3459"}],"curies":[{"name":"wp","href":"https:\/\/api.w.org\/{rel}","templated":true}]}}