{"id":3447,"date":"2025-01-13T00:37:39","date_gmt":"2025-01-13T00:37:39","guid":{"rendered":"https:\/\/citizen-security.org\/governance\/"},"modified":"2025-05-09T13:11:25","modified_gmt":"2025-05-09T13:11:25","slug":"governance","status":"publish","type":"page","link":"https:\/\/citizen-security.org\/en\/governance\/","title":{"rendered":"Governance"},"content":{"rendered":"\t\t<div data-elementor-type=\"wp-page\" data-elementor-id=\"3447\" class=\"elementor elementor-3447 elementor-241\" data-elementor-post-type=\"page\">\n\t\t\t\t<div class=\"elementor-element elementor-element-74594ad e-flex e-con-boxed e-con e-parent\" data-id=\"74594ad\" data-element_type=\"container\" data-settings=\"{&quot;background_background&quot;:&quot;gradient&quot;}\">\n\t\t\t\t\t<div class=\"e-con-inner\">\n\t\t<div class=\"elementor-element elementor-element-522649b e-con-full e-flex e-con e-child\" data-id=\"522649b\" data-element_type=\"container\">\n\t\t\t\t<div class=\"elementor-element elementor-element-b57f492 elementor-widget elementor-widget-heading\" data-id=\"b57f492\" data-element_type=\"widget\" data-widget_type=\"heading.default\">\n\t\t\t\t<div class=\"elementor-widget-container\">\n\t\t\t\t\t<h1 class=\"elementor-heading-title elementor-size-default\">Governance<\/h1>\t\t\t\t<\/div>\n\t\t\t\t<\/div>\n\t\t\t\t<div class=\"elementor-element elementor-element-cb74fce elementor-widget elementor-widget-text-editor\" data-id=\"cb74fce\" data-element_type=\"widget\" data-widget_type=\"text-editor.default\">\n\t\t\t\t<div class=\"elementor-widget-container\">\n\t\t\t\t\t\t\t\t\tThe governance of the Citizen Barometer of Security is based on a participatory and collaborative approach aimed at collecting, analyzing and sharing crucial data on security and insecurity perceived by citizens in Africa. \t\t\t\t\t\t\t\t<\/div>\n\t\t\t\t<\/div>\n\t\t\t\t<\/div>\n\t\t\t\t<div class=\"elementor-element elementor-element-73948f5 elementor-widget elementor-widget-image\" data-id=\"73948f5\" data-element_type=\"widget\" data-widget_type=\"image.default\">\n\t\t\t\t<div class=\"elementor-widget-container\">\n\t\t\t\t\t\t\t\t\t\t\t\t\t\t\t<img fetchpriority=\"high\" decoding=\"async\" width=\"800\" height=\"833\" src=\"https:\/\/citizen-security.org\/wp-content\/uploads\/2025\/02\/figure-gov-984x1024.png\" class=\"attachment-large size-large wp-image-3384\" alt=\"\" srcset=\"https:\/\/citizen-security.org\/wp-content\/uploads\/2025\/02\/figure-gov-984x1024.png 984w, https:\/\/citizen-security.org\/wp-content\/uploads\/2025\/02\/figure-gov-288x300.png 288w, https:\/\/citizen-security.org\/wp-content\/uploads\/2025\/02\/figure-gov-768x799.png 768w, https:\/\/citizen-security.org\/wp-content\/uploads\/2025\/02\/figure-gov-1476x1536.png 1476w, https:\/\/citizen-security.org\/wp-content\/uploads\/2025\/02\/figure-gov-1967x2048.png 1967w, https:\/\/citizen-security.org\/wp-content\/uploads\/2025\/02\/figure-gov.png 2028w\" sizes=\"(max-width: 800px) 100vw, 800px\" \/>\t\t\t\t\t\t\t\t\t\t\t\t\t\t\t<\/div>\n\t\t\t\t<\/div>\n\t\t\t\t\t<\/div>\n\t\t\t\t<\/div>\n\t\t<div class=\"elementor-element elementor-element-94f1b79 e-flex e-con-boxed e-con e-parent\" data-id=\"94f1b79\" data-element_type=\"container\" data-settings=\"{&quot;background_background&quot;:&quot;classic&quot;}\">\n\t\t\t\t\t<div class=\"e-con-inner\">\n\t\t<div class=\"elementor-element elementor-element-eb2a77a e-con-full e-flex e-con e-child\" data-id=\"eb2a77a\" data-element_type=\"container\">\n\t\t\t\t<div class=\"elementor-element elementor-element-f6219d1 elementor-widget elementor-widget-heading\" data-id=\"f6219d1\" data-element_type=\"widget\" data-widget_type=\"heading.default\">\n\t\t\t\t<div class=\"elementor-widget-container\">\n\t\t\t\t\t<h2 class=\"elementor-heading-title elementor-size-default\">An Integrated Approach to Citizen Security<\/h2>\t\t\t\t<\/div>\n\t\t\t\t<\/div>\n\t\t<div class=\"elementor-element elementor-element-43c080b e-con-full e-grid e-con e-child\" data-id=\"43c080b\" data-element_type=\"container\">\n\t\t<div class=\"elementor-element elementor-element-fbae029 e-con-full e-flex elementor-invisible e-con e-child\" data-id=\"fbae029\" data-element_type=\"container\" data-settings=\"{&quot;background_background&quot;:&quot;classic&quot;,&quot;animation&quot;:&quot;fadeInUp&quot;,&quot;animation_delay&quot;:100}\">\n\t\t\t\t<\/div>\n\t\t<div class=\"elementor-element elementor-element-33e756e e-con-full e-flex elementor-invisible e-con e-child\" data-id=\"33e756e\" data-element_type=\"container\" data-settings=\"{&quot;background_background&quot;:&quot;classic&quot;,&quot;animation&quot;:&quot;fadeInUp&quot;,&quot;animation_delay&quot;:200}\">\n\t\t\t\t<div class=\"elementor-element elementor-element-4cba4c9 elementor-widget elementor-widget-heading\" data-id=\"4cba4c9\" data-element_type=\"widget\" data-widget_type=\"heading.default\">\n\t\t\t\t<div class=\"elementor-widget-container\">\n\t\t\t\t\t<h5 class=\"elementor-heading-title elementor-size-default\">Data Collection<\/h5>\t\t\t\t<\/div>\n\t\t\t\t<\/div>\n\t\t\t\t<div class=\"elementor-element elementor-element-a48c9bd elementor-widget elementor-widget-text-editor\" data-id=\"a48c9bd\" data-element_type=\"widget\" data-widget_type=\"text-editor.default\">\n\t\t\t\t<div class=\"elementor-widget-container\">\n\t\t\t\t\t\t\t\t\tThe Barometer is based on a comprehensive questionnaire administered directly to citizens in the surveyed neighbourhoods. Developed in collaboration with local experts, the questionnaire covers sociodemographic, structural, and situational aspects related to security. \t\t\t\t\t\t\t\t<\/div>\n\t\t\t\t<\/div>\n\t\t\t\t<\/div>\n\t\t<div class=\"elementor-element elementor-element-9ea7e21 e-con-full e-flex elementor-invisible e-con e-child\" data-id=\"9ea7e21\" data-element_type=\"container\" data-settings=\"{&quot;background_background&quot;:&quot;classic&quot;,&quot;animation&quot;:&quot;fadeInUp&quot;,&quot;animation_delay&quot;:300}\">\n\t\t\t\t<div class=\"elementor-element elementor-element-1e9dd26 elementor-widget elementor-widget-heading\" data-id=\"1e9dd26\" data-element_type=\"widget\" data-widget_type=\"heading.default\">\n\t\t\t\t<div class=\"elementor-widget-container\">\n\t\t\t\t\t<h5 class=\"elementor-heading-title elementor-size-default\">Multidimensional Analysis<\/h5>\t\t\t\t<\/div>\n\t\t\t\t<\/div>\n\t\t\t\t<div class=\"elementor-element elementor-element-60606bc elementor-widget elementor-widget-text-editor\" data-id=\"60606bc\" data-element_type=\"widget\" data-widget_type=\"text-editor.default\">\n\t\t\t\t<div class=\"elementor-widget-container\">\n\t\t\t\t\t\t\t\t\tThe collected data is analysed across several dimensions, including experiences of victimization, perceptions of incivility, feelings of insecurity, trust in defenceand security forces, as well as socio-economic conditions. This approach provides a nuanced view of security across geographic, demographic, and thematic levels. \t\t\t\t\t\t\t\t<\/div>\n\t\t\t\t<\/div>\n\t\t\t\t<\/div>\n\t\t<div class=\"elementor-element elementor-element-5c585a4 e-con-full e-flex elementor-invisible e-con e-child\" data-id=\"5c585a4\" data-element_type=\"container\" data-settings=\"{&quot;background_background&quot;:&quot;classic&quot;,&quot;animation&quot;:&quot;fadeInUp&quot;,&quot;animation_delay&quot;:100}\">\n\t\t\t\t<div class=\"elementor-element elementor-element-15c2005 elementor-widget elementor-widget-heading\" data-id=\"15c2005\" data-element_type=\"widget\" data-widget_type=\"heading.default\">\n\t\t\t\t<div class=\"elementor-widget-container\">\n\t\t\t\t\t<h5 class=\"elementor-heading-title elementor-size-default\">Sharing of Findings<\/h5>\t\t\t\t<\/div>\n\t\t\t\t<\/div>\n\t\t\t\t<div class=\"elementor-element elementor-element-247e4d2 elementor-widget elementor-widget-text-editor\" data-id=\"247e4d2\" data-element_type=\"widget\" data-widget_type=\"text-editor.default\">\n\t\t\t\t<div class=\"elementor-widget-container\">\n\t\t\t\t\t\t\t\t\tThe findings of the Barometer are made publicly available through an online interactive map. This transparency promotes citizen awareness and engagement on security issues. \t\t\t\t\t\t\t\t<\/div>\n\t\t\t\t<\/div>\n\t\t\t\t<\/div>\n\t\t<div class=\"elementor-element elementor-element-a3054d7 e-con-full e-flex elementor-invisible e-con e-child\" data-id=\"a3054d7\" data-element_type=\"container\" data-settings=\"{&quot;background_background&quot;:&quot;classic&quot;,&quot;animation&quot;:&quot;fadeInUp&quot;,&quot;animation_delay&quot;:200}\">\n\t\t\t\t<div class=\"elementor-element elementor-element-dd768ab elementor-widget elementor-widget-heading\" data-id=\"dd768ab\" data-element_type=\"widget\" data-widget_type=\"heading.default\">\n\t\t\t\t<div class=\"elementor-widget-container\">\n\t\t\t\t\t<h5 class=\"elementor-heading-title elementor-size-default\">Improving Public Action<\/h5>\t\t\t\t<\/div>\n\t\t\t\t<\/div>\n\t\t\t\t<div class=\"elementor-element elementor-element-6612023 elementor-widget elementor-widget-text-editor\" data-id=\"6612023\" data-element_type=\"widget\" data-widget_type=\"text-editor.default\">\n\t\t\t\t<div class=\"elementor-widget-container\">\n\t\t\t\t\t\t\t\t\tThe Barometer\u2019s data is used to develop recommendations and projects aimed at strengthening public security policies. They contribute to strengtheningdemocratic governance, the rule of law, and respect for human rights. \t\t\t\t\t\t\t\t<\/div>\n\t\t\t\t<\/div>\n\t\t\t\t<\/div>\n\t\t<div class=\"elementor-element elementor-element-2a996d2 e-con-full e-flex elementor-invisible e-con e-child\" data-id=\"2a996d2\" data-element_type=\"container\" data-settings=\"{&quot;background_background&quot;:&quot;classic&quot;,&quot;animation&quot;:&quot;fadeInUp&quot;,&quot;animation_delay&quot;:300}\">\n\t\t\t\t<div class=\"elementor-element elementor-element-cf71b10 elementor-widget elementor-widget-heading\" data-id=\"cf71b10\" data-element_type=\"widget\" data-widget_type=\"heading.default\">\n\t\t\t\t<div class=\"elementor-widget-container\">\n\t\t\t\t\t<h5 class=\"elementor-heading-title elementor-size-default\">Inclusive and Collaborative Approach<\/h5>\t\t\t\t<\/div>\n\t\t\t\t<\/div>\n\t\t\t\t<div class=\"elementor-element elementor-element-df67e07 elementor-widget elementor-widget-text-editor\" data-id=\"df67e07\" data-element_type=\"widget\" data-widget_type=\"text-editor.default\">\n\t\t\t\t<div class=\"elementor-widget-container\">\n\t\t\t\t\t\t\t\t\tThe governance of the Citizen Barometer of Security involves multiple stakeholders, including states, regional and international organizations, as well as civil organisations such as NGOs and CSOs. This cooperative approachensures essential data collection and strengthens civic capacity among populations. \t\t\t\t\t\t\t\t<\/div>\n\t\t\t\t<\/div>\n\t\t\t\t<\/div>\n\t\t\t\t<\/div>\n\t\t\t\t<\/div>\n\t\t\t\t\t<\/div>\n\t\t\t\t<\/div>\n\t\t\t\t<\/div>\n\t\t","protected":false},"excerpt":{"rendered":"<p>The governance of the Citizen Barometer of Security is based on a participatory and collaborative approach aimed at collecting, analyzing and sharing crucial data on security and insecurity perceived by citizens in Africa. An Integrated Approach to Citizen Security Data Collection The Barometer is based on a comprehensive questionnaire administered directly to citizens in the [&hellip;]<\/p>\n","protected":false},"author":1,"featured_media":3383,"parent":0,"menu_order":0,"comment_status":"closed","ping_status":"closed","template":"elementor_header_footer","meta":{"_acf_changed":false,"footnotes":""},"class_list":["post-3447","page","type-page","status-publish","has-post-thumbnail","hentry"],"acf":[],"yoast_head":"<!-- This site is optimized with the Yoast SEO plugin v27.5 - https:\/\/yoast.com\/product\/yoast-seo-wordpress\/ -->\n<title>Governance | BCS<\/title>\n<meta name=\"description\" content=\"The BCS adopts participatory governance to analyze and share citizen perceptions on security in Africa.\" \/>\n<meta name=\"robots\" content=\"index, follow, max-snippet:-1, max-image-preview:large, max-video-preview:-1\" \/>\n<link rel=\"canonical\" href=\"https:\/\/citizen-security.org\/en\/governance\/\" \/>\n<meta property=\"og:locale\" content=\"en_US\" \/>\n<meta property=\"og:type\" content=\"article\" \/>\n<meta property=\"og:title\" content=\"Governance | BCS\" \/>\n<meta property=\"og:description\" content=\"The BCS adopts participatory governance to analyze and share citizen perceptions on security in Africa.\" \/>\n<meta property=\"og:url\" content=\"https:\/\/citizen-security.org\/en\/governance\/\" \/>\n<meta property=\"og:site_name\" content=\"BCS\" \/>\n<meta property=\"article:publisher\" content=\"https:\/\/fr-fr.facebook.com\/laspad\/\" \/>\n<meta property=\"article:modified_time\" content=\"2025-05-09T13:11:25+00:00\" \/>\n<meta property=\"og:image\" content=\"https:\/\/citizen-security.org\/wp-content\/uploads\/2025\/02\/gouverner.jpg\" \/>\n\t<meta property=\"og:image:width\" content=\"1024\" \/>\n\t<meta property=\"og:image:height\" content=\"1024\" \/>\n\t<meta property=\"og:image:type\" content=\"image\/jpeg\" \/>\n<meta name=\"twitter:card\" content=\"summary_large_image\" \/>\n<meta name=\"twitter:label1\" content=\"Est. reading time\" \/>\n\t<meta name=\"twitter:data1\" content=\"1 minute\" \/>\n<script type=\"application\/ld+json\" class=\"yoast-schema-graph\">{\"@context\":\"https:\\\/\\\/schema.org\",\"@graph\":[{\"@type\":\"WebPage\",\"@id\":\"https:\\\/\\\/citizen-security.org\\\/en\\\/governance\\\/\",\"url\":\"https:\\\/\\\/citizen-security.org\\\/en\\\/governance\\\/\",\"name\":\"Governance | BCS\",\"isPartOf\":{\"@id\":\"https:\\\/\\\/citizen-security.org\\\/en\\\/#website\"},\"primaryImageOfPage\":{\"@id\":\"https:\\\/\\\/citizen-security.org\\\/en\\\/governance\\\/#primaryimage\"},\"image\":{\"@id\":\"https:\\\/\\\/citizen-security.org\\\/en\\\/governance\\\/#primaryimage\"},\"thumbnailUrl\":\"https:\\\/\\\/citizen-security.org\\\/wp-content\\\/uploads\\\/2025\\\/02\\\/gouverner.jpg\",\"datePublished\":\"2025-01-13T00:37:39+00:00\",\"dateModified\":\"2025-05-09T13:11:25+00:00\",\"description\":\"The BCS adopts participatory governance to analyze and share citizen perceptions on security in Africa.\",\"breadcrumb\":{\"@id\":\"https:\\\/\\\/citizen-security.org\\\/en\\\/governance\\\/#breadcrumb\"},\"inLanguage\":\"en-US\",\"potentialAction\":[{\"@type\":\"ReadAction\",\"target\":[\"https:\\\/\\\/citizen-security.org\\\/en\\\/governance\\\/\"]}]},{\"@type\":\"ImageObject\",\"inLanguage\":\"en-US\",\"@id\":\"https:\\\/\\\/citizen-security.org\\\/en\\\/governance\\\/#primaryimage\",\"url\":\"https:\\\/\\\/citizen-security.org\\\/wp-content\\\/uploads\\\/2025\\\/02\\\/gouverner.jpg\",\"contentUrl\":\"https:\\\/\\\/citizen-security.org\\\/wp-content\\\/uploads\\\/2025\\\/02\\\/gouverner.jpg\",\"width\":1024,\"height\":1024},{\"@type\":\"BreadcrumbList\",\"@id\":\"https:\\\/\\\/citizen-security.org\\\/en\\\/governance\\\/#breadcrumb\",\"itemListElement\":[{\"@type\":\"ListItem\",\"position\":1,\"name\":\"Accueil\",\"item\":\"https:\\\/\\\/citizen-security.org\\\/en\\\/home\\\/\"},{\"@type\":\"ListItem\",\"position\":2,\"name\":\"Governance\"}]},{\"@type\":\"WebSite\",\"@id\":\"https:\\\/\\\/citizen-security.org\\\/en\\\/#website\",\"url\":\"https:\\\/\\\/citizen-security.org\\\/en\\\/\",\"name\":\"Barometre citoyen de la s\u00e9curit\u00e9\",\"description\":\"La s\u00e9curit\u00e9 : une affaire de tous, au service de chacun\",\"publisher\":{\"@id\":\"https:\\\/\\\/citizen-security.org\\\/en\\\/#organization\"},\"alternateName\":\"BCS\",\"potentialAction\":[{\"@type\":\"SearchAction\",\"target\":{\"@type\":\"EntryPoint\",\"urlTemplate\":\"https:\\\/\\\/citizen-security.org\\\/en\\\/?s={search_term_string}\"},\"query-input\":{\"@type\":\"PropertyValueSpecification\",\"valueRequired\":true,\"valueName\":\"search_term_string\"}}],\"inLanguage\":\"en-US\"},{\"@type\":\"Organization\",\"@id\":\"https:\\\/\\\/citizen-security.org\\\/en\\\/#organization\",\"name\":\"Barom\u00e8tre Citoyen de la S\u00e9curit\u00e9\",\"alternateName\":\"BCS\",\"url\":\"https:\\\/\\\/citizen-security.org\\\/en\\\/\",\"logo\":{\"@type\":\"ImageObject\",\"inLanguage\":\"en-US\",\"@id\":\"https:\\\/\\\/citizen-security.org\\\/en\\\/#\\\/schema\\\/logo\\\/image\\\/\",\"url\":\"https:\\\/\\\/citizen-security.org\\\/wp-content\\\/uploads\\\/2025\\\/05\\\/cropped-VRAI-LOGO-BSC.png\",\"contentUrl\":\"https:\\\/\\\/citizen-security.org\\\/wp-content\\\/uploads\\\/2025\\\/05\\\/cropped-VRAI-LOGO-BSC.png\",\"width\":2053,\"height\":1524,\"caption\":\"Barom\u00e8tre Citoyen de la S\u00e9curit\u00e9\"},\"image\":{\"@id\":\"https:\\\/\\\/citizen-security.org\\\/en\\\/#\\\/schema\\\/logo\\\/image\\\/\"},\"sameAs\":[\"https:\\\/\\\/fr-fr.facebook.com\\\/laspad\\\/\",\"https:\\\/\\\/www.linkedin.com\\\/company\\\/laspad-bcs\\\/\"]}]}<\/script>\n<!-- \/ Yoast SEO plugin. -->","yoast_head_json":{"title":"Governance | BCS","description":"The BCS adopts participatory governance to analyze and share citizen perceptions on security in Africa.","robots":{"index":"index","follow":"follow","max-snippet":"max-snippet:-1","max-image-preview":"max-image-preview:large","max-video-preview":"max-video-preview:-1"},"canonical":"https:\/\/citizen-security.org\/en\/governance\/","og_locale":"en_US","og_type":"article","og_title":"Governance | BCS","og_description":"The BCS adopts participatory governance to analyze and share citizen perceptions on security in Africa.","og_url":"https:\/\/citizen-security.org\/en\/governance\/","og_site_name":"BCS","article_publisher":"https:\/\/fr-fr.facebook.com\/laspad\/","article_modified_time":"2025-05-09T13:11:25+00:00","og_image":[{"width":1024,"height":1024,"url":"https:\/\/citizen-security.org\/wp-content\/uploads\/2025\/02\/gouverner.jpg","type":"image\/jpeg"}],"twitter_card":"summary_large_image","twitter_misc":{"Est. reading time":"1 minute"},"schema":{"@context":"https:\/\/schema.org","@graph":[{"@type":"WebPage","@id":"https:\/\/citizen-security.org\/en\/governance\/","url":"https:\/\/citizen-security.org\/en\/governance\/","name":"Governance | BCS","isPartOf":{"@id":"https:\/\/citizen-security.org\/en\/#website"},"primaryImageOfPage":{"@id":"https:\/\/citizen-security.org\/en\/governance\/#primaryimage"},"image":{"@id":"https:\/\/citizen-security.org\/en\/governance\/#primaryimage"},"thumbnailUrl":"https:\/\/citizen-security.org\/wp-content\/uploads\/2025\/02\/gouverner.jpg","datePublished":"2025-01-13T00:37:39+00:00","dateModified":"2025-05-09T13:11:25+00:00","description":"The BCS adopts participatory governance to analyze and share citizen perceptions on security in Africa.","breadcrumb":{"@id":"https:\/\/citizen-security.org\/en\/governance\/#breadcrumb"},"inLanguage":"en-US","potentialAction":[{"@type":"ReadAction","target":["https:\/\/citizen-security.org\/en\/governance\/"]}]},{"@type":"ImageObject","inLanguage":"en-US","@id":"https:\/\/citizen-security.org\/en\/governance\/#primaryimage","url":"https:\/\/citizen-security.org\/wp-content\/uploads\/2025\/02\/gouverner.jpg","contentUrl":"https:\/\/citizen-security.org\/wp-content\/uploads\/2025\/02\/gouverner.jpg","width":1024,"height":1024},{"@type":"BreadcrumbList","@id":"https:\/\/citizen-security.org\/en\/governance\/#breadcrumb","itemListElement":[{"@type":"ListItem","position":1,"name":"Accueil","item":"https:\/\/citizen-security.org\/en\/home\/"},{"@type":"ListItem","position":2,"name":"Governance"}]},{"@type":"WebSite","@id":"https:\/\/citizen-security.org\/en\/#website","url":"https:\/\/citizen-security.org\/en\/","name":"Barometre citoyen de la s\u00e9curit\u00e9","description":"La s\u00e9curit\u00e9 : une affaire de tous, au service de chacun","publisher":{"@id":"https:\/\/citizen-security.org\/en\/#organization"},"alternateName":"BCS","potentialAction":[{"@type":"SearchAction","target":{"@type":"EntryPoint","urlTemplate":"https:\/\/citizen-security.org\/en\/?s={search_term_string}"},"query-input":{"@type":"PropertyValueSpecification","valueRequired":true,"valueName":"search_term_string"}}],"inLanguage":"en-US"},{"@type":"Organization","@id":"https:\/\/citizen-security.org\/en\/#organization","name":"Barom\u00e8tre Citoyen de la S\u00e9curit\u00e9","alternateName":"BCS","url":"https:\/\/citizen-security.org\/en\/","logo":{"@type":"ImageObject","inLanguage":"en-US","@id":"https:\/\/citizen-security.org\/en\/#\/schema\/logo\/image\/","url":"https:\/\/citizen-security.org\/wp-content\/uploads\/2025\/05\/cropped-VRAI-LOGO-BSC.png","contentUrl":"https:\/\/citizen-security.org\/wp-content\/uploads\/2025\/05\/cropped-VRAI-LOGO-BSC.png","width":2053,"height":1524,"caption":"Barom\u00e8tre Citoyen de la S\u00e9curit\u00e9"},"image":{"@id":"https:\/\/citizen-security.org\/en\/#\/schema\/logo\/image\/"},"sameAs":["https:\/\/fr-fr.facebook.com\/laspad\/","https:\/\/www.linkedin.com\/company\/laspad-bcs\/"]}]}},"_links":{"self":[{"href":"https:\/\/citizen-security.org\/en\/wp-json\/wp\/v2\/pages\/3447","targetHints":{"allow":["GET"]}}],"collection":[{"href":"https:\/\/citizen-security.org\/en\/wp-json\/wp\/v2\/pages"}],"about":[{"href":"https:\/\/citizen-security.org\/en\/wp-json\/wp\/v2\/types\/page"}],"author":[{"embeddable":true,"href":"https:\/\/citizen-security.org\/en\/wp-json\/wp\/v2\/users\/1"}],"replies":[{"embeddable":true,"href":"https:\/\/citizen-security.org\/en\/wp-json\/wp\/v2\/comments?post=3447"}],"version-history":[{"count":1,"href":"https:\/\/citizen-security.org\/en\/wp-json\/wp\/v2\/pages\/3447\/revisions"}],"predecessor-version":[{"id":3448,"href":"https:\/\/citizen-security.org\/en\/wp-json\/wp\/v2\/pages\/3447\/revisions\/3448"}],"wp:featuredmedia":[{"embeddable":true,"href":"https:\/\/citizen-security.org\/en\/wp-json\/wp\/v2\/media\/3383"}],"wp:attachment":[{"href":"https:\/\/citizen-security.org\/en\/wp-json\/wp\/v2\/media?parent=3447"}],"curies":[{"name":"wp","href":"https:\/\/api.w.org\/{rel}","templated":true}]}}