{"id":3443,"date":"2025-01-13T00:37:12","date_gmt":"2025-01-13T00:37:12","guid":{"rendered":"https:\/\/citizen-security.org\/mission\/"},"modified":"2025-05-10T19:25:28","modified_gmt":"2025-05-10T19:25:28","slug":"mission","status":"publish","type":"page","link":"https:\/\/citizen-security.org\/en\/mission\/","title":{"rendered":"Mission"},"content":{"rendered":"\t\t<div data-elementor-type=\"wp-page\" data-elementor-id=\"3443\" class=\"elementor elementor-3443 elementor-239\" data-elementor-post-type=\"page\">\n\t\t\t\t<div class=\"elementor-element elementor-element-1198469 e-flex e-con-boxed e-con e-parent\" data-id=\"1198469\" data-element_type=\"container\" data-settings=\"{&quot;background_background&quot;:&quot;gradient&quot;}\">\n\t\t\t\t\t<div class=\"e-con-inner\">\n\t\t<div class=\"elementor-element elementor-element-2d3e733 e-con-full e-flex e-con e-child\" data-id=\"2d3e733\" data-element_type=\"container\">\n\t\t\t\t<div class=\"elementor-element elementor-element-7808068 elementor-widget elementor-widget-heading\" data-id=\"7808068\" data-element_type=\"widget\" data-widget_type=\"heading.default\">\n\t\t\t\t<div class=\"elementor-widget-container\">\n\t\t\t\t\t<h1 class=\"elementor-heading-title elementor-size-default\">Mission<\/h1>\t\t\t\t<\/div>\n\t\t\t\t<\/div>\n\t\t\t\t<div class=\"elementor-element elementor-element-37ae68c elementor-widget elementor-widget-text-editor\" data-id=\"37ae68c\" data-element_type=\"widget\" data-widget_type=\"text-editor.default\">\n\t\t\t\t<div class=\"elementor-widget-container\">\n\t\t\t\t\t\t\t\t\tThe Citizen Barometer of Security focuses on understanding human security issues in Africa, particularly in regions such as the Maghreb and the Sahel, where political stability is often threatened by violent insurgent movements. \t\t\t\t\t\t\t\t<\/div>\n\t\t\t\t<\/div>\n\t\t\t\t<\/div>\n\t\t\t\t<div class=\"elementor-element elementor-element-3cfc13d elementor-widget elementor-widget-image\" data-id=\"3cfc13d\" data-element_type=\"widget\" data-widget_type=\"image.default\">\n\t\t\t\t<div class=\"elementor-widget-container\">\n\t\t\t\t\t\t\t\t\t\t\t\t\t\t\t<img fetchpriority=\"high\" decoding=\"async\" width=\"800\" height=\"833\" src=\"https:\/\/citizen-security.org\/wp-content\/uploads\/2025\/02\/misssion-984x1024.png\" class=\"attachment-large size-large wp-image-3382\" alt=\"\" srcset=\"https:\/\/citizen-security.org\/wp-content\/uploads\/2025\/02\/misssion-984x1024.png 984w, https:\/\/citizen-security.org\/wp-content\/uploads\/2025\/02\/misssion-288x300.png 288w, https:\/\/citizen-security.org\/wp-content\/uploads\/2025\/02\/misssion-768x799.png 768w, https:\/\/citizen-security.org\/wp-content\/uploads\/2025\/02\/misssion-1476x1536.png 1476w, https:\/\/citizen-security.org\/wp-content\/uploads\/2025\/02\/misssion-1967x2048.png 1967w, https:\/\/citizen-security.org\/wp-content\/uploads\/2025\/02\/misssion.png 2028w\" sizes=\"(max-width: 800px) 100vw, 800px\" \/>\t\t\t\t\t\t\t\t\t\t\t\t\t\t\t<\/div>\n\t\t\t\t<\/div>\n\t\t\t\t\t<\/div>\n\t\t\t\t<\/div>\n\t\t<div class=\"elementor-element elementor-element-c06c64b e-flex e-con-boxed e-con e-parent\" data-id=\"c06c64b\" data-element_type=\"container\">\n\t\t\t\t\t<div class=\"e-con-inner\">\n\t\t<div class=\"elementor-element elementor-element-265a1bb e-con-full e-flex elementor-invisible e-con e-child\" data-id=\"265a1bb\" data-element_type=\"container\" data-settings=\"{&quot;animation&quot;:&quot;fadeInLeft&quot;}\">\n\t\t\t\t<div class=\"elementor-element elementor-element-bc58143 elementor-widget elementor-widget-heading\" data-id=\"bc58143\" data-element_type=\"widget\" data-widget_type=\"heading.default\">\n\t\t\t\t<div class=\"elementor-widget-container\">\n\t\t\t\t\t<h2 class=\"elementor-heading-title elementor-size-default\">\u200bPerceptions, analysis, cooperation, and transformation for sustainable security<\/h2>\t\t\t\t<\/div>\n\t\t\t\t<\/div>\n\t\t\t\t<\/div>\n\t\t<div class=\"elementor-element elementor-element-3f8bbb5 e-con-full e-flex elementor-invisible e-con e-child\" data-id=\"3f8bbb5\" data-element_type=\"container\" data-settings=\"{&quot;animation&quot;:&quot;fadeInRight&quot;}\">\n\t\t\t\t<div class=\"elementor-element elementor-element-9b6a18f elementor-widget elementor-widget-image\" data-id=\"9b6a18f\" data-element_type=\"widget\" data-widget_type=\"image.default\">\n\t\t\t\t<div class=\"elementor-widget-container\">\n\t\t\t\t\t\t\t\t\t\t\t\t\t\t\t<img decoding=\"async\" width=\"1024\" height=\"575\" src=\"https:\/\/citizen-security.org\/wp-content\/uploads\/2025\/05\/Mission-BCS.jpg\" class=\"attachment-full size-full wp-image-3578\" alt=\"\" srcset=\"https:\/\/citizen-security.org\/wp-content\/uploads\/2025\/05\/Mission-BCS.jpg 1024w, https:\/\/citizen-security.org\/wp-content\/uploads\/2025\/05\/Mission-BCS-300x168.jpg 300w, https:\/\/citizen-security.org\/wp-content\/uploads\/2025\/05\/Mission-BCS-768x431.jpg 768w\" sizes=\"(max-width: 1024px) 100vw, 1024px\" \/>\t\t\t\t\t\t\t\t\t\t\t\t\t\t\t<\/div>\n\t\t\t\t<\/div>\n\t\t\t\t<\/div>\n\t\t\t\t\t<\/div>\n\t\t\t\t<\/div>\n\t\t<div class=\"elementor-element elementor-element-280db6d e-flex e-con-boxed e-con e-parent\" data-id=\"280db6d\" data-element_type=\"container\" data-settings=\"{&quot;background_background&quot;:&quot;classic&quot;}\">\n\t\t\t\t\t<div class=\"e-con-inner\">\n\t\t<div class=\"elementor-element elementor-element-2f90e85 e-con-full e-flex e-con e-child\" data-id=\"2f90e85\" data-element_type=\"container\">\n\t\t<div class=\"elementor-element elementor-element-dec0f6c e-con-full e-grid e-con e-child\" data-id=\"dec0f6c\" data-element_type=\"container\">\n\t\t<div class=\"elementor-element elementor-element-15517bb e-con-full e-flex elementor-invisible e-con e-child\" data-id=\"15517bb\" data-element_type=\"container\" data-settings=\"{&quot;background_background&quot;:&quot;classic&quot;,&quot;animation&quot;:&quot;fadeInUp&quot;,&quot;animation_delay&quot;:100}\">\n\t\t\t\t<div class=\"elementor-element elementor-element-e05f08c elementor-widget__width-initial elementor-widget elementor-widget-heading\" data-id=\"e05f08c\" data-element_type=\"widget\" data-widget_type=\"heading.default\">\n\t\t\t\t<div class=\"elementor-widget-container\">\n\t\t\t\t\t<h5 class=\"elementor-heading-title elementor-size-default\">Document citizen perceptions of security<\/h5>\t\t\t\t<\/div>\n\t\t\t\t<\/div>\n\t\t\t\t<div class=\"elementor-element elementor-element-74b226a elementor-widget elementor-widget-text-editor\" data-id=\"74b226a\" data-element_type=\"widget\" data-widget_type=\"text-editor.default\">\n\t\t\t\t<div class=\"elementor-widget-container\">\n\t\t\t\t\t\t\t\t\tThe Barometer collects the opinions, needs, and expectations of citizens regarding security. It uses a structured questionnaire to understand how people perceive security in their environments. \t\t\t\t\t\t\t\t<\/div>\n\t\t\t\t<\/div>\n\t\t\t\t<\/div>\n\t\t<div class=\"elementor-element elementor-element-6331fdb e-con-full e-flex elementor-invisible e-con e-child\" data-id=\"6331fdb\" data-element_type=\"container\" data-settings=\"{&quot;background_background&quot;:&quot;classic&quot;,&quot;animation&quot;:&quot;fadeInUp&quot;,&quot;animation_delay&quot;:200}\">\n\t\t\t\t<div class=\"elementor-element elementor-element-1e85581 elementor-widget__width-initial elementor-widget elementor-widget-heading\" data-id=\"1e85581\" data-element_type=\"widget\" data-widget_type=\"heading.default\">\n\t\t\t\t<div class=\"elementor-widget-container\">\n\t\t\t\t\t<h5 class=\"elementor-heading-title elementor-size-default\">Provide data for decision-making<\/h5>\t\t\t\t<\/div>\n\t\t\t\t<\/div>\n\t\t\t\t<div class=\"elementor-element elementor-element-7e0be40 elementor-widget elementor-widget-text-editor\" data-id=\"7e0be40\" data-element_type=\"widget\" data-widget_type=\"text-editor.default\">\n\t\t\t\t<div class=\"elementor-widget-container\">\n\t\t\t\t\t\t\t\t\tBy gathering insights on perceived security, the Barometer generates valuable data for policymakers and security stakeholders. This helps to better understand current challenges and design more appropriate policies. \t\t\t\t\t\t\t\t<\/div>\n\t\t\t\t<\/div>\n\t\t\t\t<\/div>\n\t\t<div class=\"elementor-element elementor-element-96d96f4 e-con-full e-flex elementor-invisible e-con e-child\" data-id=\"96d96f4\" data-element_type=\"container\" data-settings=\"{&quot;background_background&quot;:&quot;classic&quot;,&quot;animation&quot;:&quot;fadeInUp&quot;,&quot;animation_delay&quot;:300}\">\n\t\t\t\t<div class=\"elementor-element elementor-element-ac7668b elementor-widget__width-initial elementor-widget elementor-widget-heading\" data-id=\"ac7668b\" data-element_type=\"widget\" data-widget_type=\"heading.default\">\n\t\t\t\t<div class=\"elementor-widget-container\">\n\t\t\t\t\t<h5 class=\"elementor-heading-title elementor-size-default\">Strengthen civil society advocacy<\/h5>\t\t\t\t<\/div>\n\t\t\t\t<\/div>\n\t\t\t\t<div class=\"elementor-element elementor-element-66f71eb elementor-widget elementor-widget-text-editor\" data-id=\"66f71eb\" data-element_type=\"widget\" data-widget_type=\"text-editor.default\">\n\t\t\t\t<div class=\"elementor-widget-container\">\n\t\t\t\t\t\t\t\t\tThe Barometer equips civil society organizations with concrete evidence tosupport their advocacy for policies and actions that improve security. The data collected serves as objective proof to back their efforts. \t\t\t\t\t\t\t\t<\/div>\n\t\t\t\t<\/div>\n\t\t\t\t<\/div>\n\t\t<div class=\"elementor-element elementor-element-6acb319 e-con-full e-flex elementor-invisible e-con e-child\" data-id=\"6acb319\" data-element_type=\"container\" data-settings=\"{&quot;background_background&quot;:&quot;classic&quot;,&quot;animation&quot;:&quot;fadeInUp&quot;,&quot;animation_delay&quot;:100}\">\n\t\t\t\t<div class=\"elementor-element elementor-element-546c2eb elementor-widget__width-initial elementor-widget elementor-widget-heading\" data-id=\"546c2eb\" data-element_type=\"widget\" data-widget_type=\"heading.default\">\n\t\t\t\t<div class=\"elementor-widget-container\">\n\t\t\t\t\t<h5 class=\"elementor-heading-title elementor-size-default\">Identify trends and emerging threats<\/h5>\t\t\t\t<\/div>\n\t\t\t\t<\/div>\n\t\t\t\t<div class=\"elementor-element elementor-element-8ae5b39 elementor-widget elementor-widget-text-editor\" data-id=\"8ae5b39\" data-element_type=\"widget\" data-widget_type=\"text-editor.default\">\n\t\t\t\t<div class=\"elementor-widget-container\">\n\t\t\t\t\t\t\t\t\tThrough regular monitoring of public perceptions of security, the Barometer can identify emerging trends and threats, enabling authorities and organizations to anticipate and respond more effectively to these challenges.\t\t\t\t\t\t\t\t<\/div>\n\t\t\t\t<\/div>\n\t\t\t\t<\/div>\n\t\t<div class=\"elementor-element elementor-element-30e271c e-con-full e-flex elementor-invisible e-con e-child\" data-id=\"30e271c\" data-element_type=\"container\" data-settings=\"{&quot;background_background&quot;:&quot;classic&quot;,&quot;animation&quot;:&quot;fadeInUp&quot;,&quot;animation_delay&quot;:200}\">\n\t\t\t\t<div class=\"elementor-element elementor-element-4ffa024 elementor-widget__width-initial elementor-widget elementor-widget-heading\" data-id=\"4ffa024\" data-element_type=\"widget\" data-widget_type=\"heading.default\">\n\t\t\t\t<div class=\"elementor-widget-container\">\n\t\t\t\t\t<h5 class=\"elementor-heading-title elementor-size-default\">Promote participatory and democratic governance<\/h5>\t\t\t\t<\/div>\n\t\t\t\t<\/div>\n\t\t\t\t<div class=\"elementor-element elementor-element-88bc25e elementor-widget elementor-widget-text-editor\" data-id=\"88bc25e\" data-element_type=\"widget\" data-widget_type=\"text-editor.default\">\n\t\t\t\t<div class=\"elementor-widget-container\">\n\t\t\t\t\t\t\t\t\tThe Barometer encourages citizen participation in political life by gathering their opinions. It advocates for a more inclusive and deliberative governance model, reinforcing the citizen dimension in security governance. \t\t\t\t\t\t\t\t<\/div>\n\t\t\t\t<\/div>\n\t\t\t\t<\/div>\n\t\t<div class=\"elementor-element elementor-element-8c59b40 e-con-full e-flex elementor-invisible e-con e-child\" data-id=\"8c59b40\" data-element_type=\"container\" data-settings=\"{&quot;background_background&quot;:&quot;classic&quot;,&quot;animation&quot;:&quot;fadeInUp&quot;,&quot;animation_delay&quot;:300}\">\n\t\t\t\t<div class=\"elementor-element elementor-element-1abd092 elementor-widget__width-initial elementor-widget elementor-widget-heading\" data-id=\"1abd092\" data-element_type=\"widget\" data-widget_type=\"heading.default\">\n\t\t\t\t<div class=\"elementor-widget-container\">\n\t\t\t\t\t<h5 class=\"elementor-heading-title elementor-size-default\">Encourage stakeholder cooperation<\/h5>\t\t\t\t<\/div>\n\t\t\t\t<\/div>\n\t\t\t\t<div class=\"elementor-element elementor-element-78562dd elementor-widget elementor-widget-text-editor\" data-id=\"78562dd\" data-element_type=\"widget\" data-widget_type=\"text-editor.default\">\n\t\t\t\t<div class=\"elementor-widget-container\">\n\t\t\t\t\t\t\t\t\t<p>The project gathers data from a wide range of sources, including defence and security forces, civil society, international organizations, and states. It promotes collaboration among these stakeholders for more effective security management. <\/p>\t\t\t\t\t\t\t\t<\/div>\n\t\t\t\t<\/div>\n\t\t\t\t<\/div>\n\t\t\t\t<\/div>\n\t\t\t\t<\/div>\n\t\t\t\t\t<\/div>\n\t\t\t\t<\/div>\n\t\t\t\t<\/div>\n\t\t","protected":false},"excerpt":{"rendered":"<p>The Citizen Barometer of Security focuses on understanding human security issues in Africa, particularly in regions such as the Maghreb and the Sahel, where political stability is often threatened by violent insurgent movements. \u200bPerceptions, analysis, cooperation, and transformation for sustainable security Document citizen perceptions of security The Barometer collects the opinions, needs, and expectations of [&hellip;]<\/p>\n","protected":false},"author":1,"featured_media":0,"parent":0,"menu_order":0,"comment_status":"closed","ping_status":"closed","template":"elementor_header_footer","meta":{"_acf_changed":false,"footnotes":""},"class_list":["post-3443","page","type-page","status-publish","hentry"],"acf":[],"yoast_head":"<!-- This site is optimized with the Yoast SEO plugin v27.5 - https:\/\/yoast.com\/product\/yoast-seo-wordpress\/ -->\n<title>Mission | BCS<\/title>\n<meta name=\"description\" content=\"The BCS collects citizens&#039; perceptions on security in Africa for more appropriate and inclusive governance.\" \/>\n<meta name=\"robots\" content=\"index, follow, max-snippet:-1, max-image-preview:large, max-video-preview:-1\" \/>\n<link rel=\"canonical\" href=\"https:\/\/citizen-security.org\/en\/mission\/\" \/>\n<meta property=\"og:locale\" content=\"en_US\" \/>\n<meta property=\"og:type\" content=\"article\" \/>\n<meta property=\"og:title\" content=\"Mission | BCS\" \/>\n<meta property=\"og:description\" content=\"The BCS collects citizens&#039; perceptions on security in Africa for more appropriate and inclusive governance.\" \/>\n<meta property=\"og:url\" content=\"https:\/\/citizen-security.org\/en\/mission\/\" \/>\n<meta property=\"og:site_name\" content=\"BCS\" \/>\n<meta property=\"article:publisher\" content=\"https:\/\/fr-fr.facebook.com\/laspad\/\" \/>\n<meta property=\"article:modified_time\" content=\"2025-05-10T19:25:28+00:00\" \/>\n<meta property=\"og:image\" content=\"https:\/\/citizen-security.org\/wp-content\/uploads\/2025\/02\/misssion.png\" \/>\n\t<meta property=\"og:image:width\" content=\"2028\" \/>\n\t<meta property=\"og:image:height\" content=\"2111\" \/>\n\t<meta property=\"og:image:type\" content=\"image\/png\" \/>\n<meta name=\"twitter:card\" content=\"summary_large_image\" \/>\n<meta name=\"twitter:label1\" content=\"Est. reading time\" \/>\n\t<meta name=\"twitter:data1\" content=\"2 minutes\" \/>\n<script type=\"application\/ld+json\" class=\"yoast-schema-graph\">{\"@context\":\"https:\\\/\\\/schema.org\",\"@graph\":[{\"@type\":\"WebPage\",\"@id\":\"https:\\\/\\\/citizen-security.org\\\/en\\\/mission\\\/\",\"url\":\"https:\\\/\\\/citizen-security.org\\\/en\\\/mission\\\/\",\"name\":\"Mission | BCS\",\"isPartOf\":{\"@id\":\"https:\\\/\\\/citizen-security.org\\\/en\\\/#website\"},\"primaryImageOfPage\":{\"@id\":\"https:\\\/\\\/citizen-security.org\\\/en\\\/mission\\\/#primaryimage\"},\"image\":{\"@id\":\"https:\\\/\\\/citizen-security.org\\\/en\\\/mission\\\/#primaryimage\"},\"thumbnailUrl\":\"https:\\\/\\\/citizen-security.org\\\/wp-content\\\/uploads\\\/2025\\\/02\\\/misssion-984x1024.png\",\"datePublished\":\"2025-01-13T00:37:12+00:00\",\"dateModified\":\"2025-05-10T19:25:28+00:00\",\"description\":\"The BCS collects citizens' perceptions on security in Africa for more appropriate and inclusive governance.\",\"breadcrumb\":{\"@id\":\"https:\\\/\\\/citizen-security.org\\\/en\\\/mission\\\/#breadcrumb\"},\"inLanguage\":\"en-US\",\"potentialAction\":[{\"@type\":\"ReadAction\",\"target\":[\"https:\\\/\\\/citizen-security.org\\\/en\\\/mission\\\/\"]}]},{\"@type\":\"ImageObject\",\"inLanguage\":\"en-US\",\"@id\":\"https:\\\/\\\/citizen-security.org\\\/en\\\/mission\\\/#primaryimage\",\"url\":\"https:\\\/\\\/citizen-security.org\\\/wp-content\\\/uploads\\\/2025\\\/02\\\/misssion-984x1024.png\",\"contentUrl\":\"https:\\\/\\\/citizen-security.org\\\/wp-content\\\/uploads\\\/2025\\\/02\\\/misssion-984x1024.png\"},{\"@type\":\"BreadcrumbList\",\"@id\":\"https:\\\/\\\/citizen-security.org\\\/en\\\/mission\\\/#breadcrumb\",\"itemListElement\":[{\"@type\":\"ListItem\",\"position\":1,\"name\":\"Accueil\",\"item\":\"https:\\\/\\\/citizen-security.org\\\/en\\\/home\\\/\"},{\"@type\":\"ListItem\",\"position\":2,\"name\":\"Mission\"}]},{\"@type\":\"WebSite\",\"@id\":\"https:\\\/\\\/citizen-security.org\\\/en\\\/#website\",\"url\":\"https:\\\/\\\/citizen-security.org\\\/en\\\/\",\"name\":\"Barometre citoyen de la s\u00e9curit\u00e9\",\"description\":\"La s\u00e9curit\u00e9 : une affaire de tous, au service de chacun\",\"publisher\":{\"@id\":\"https:\\\/\\\/citizen-security.org\\\/en\\\/#organization\"},\"alternateName\":\"BCS\",\"potentialAction\":[{\"@type\":\"SearchAction\",\"target\":{\"@type\":\"EntryPoint\",\"urlTemplate\":\"https:\\\/\\\/citizen-security.org\\\/en\\\/?s={search_term_string}\"},\"query-input\":{\"@type\":\"PropertyValueSpecification\",\"valueRequired\":true,\"valueName\":\"search_term_string\"}}],\"inLanguage\":\"en-US\"},{\"@type\":\"Organization\",\"@id\":\"https:\\\/\\\/citizen-security.org\\\/en\\\/#organization\",\"name\":\"Barom\u00e8tre Citoyen de la S\u00e9curit\u00e9\",\"alternateName\":\"BCS\",\"url\":\"https:\\\/\\\/citizen-security.org\\\/en\\\/\",\"logo\":{\"@type\":\"ImageObject\",\"inLanguage\":\"en-US\",\"@id\":\"https:\\\/\\\/citizen-security.org\\\/en\\\/#\\\/schema\\\/logo\\\/image\\\/\",\"url\":\"https:\\\/\\\/citizen-security.org\\\/wp-content\\\/uploads\\\/2025\\\/05\\\/cropped-VRAI-LOGO-BSC.png\",\"contentUrl\":\"https:\\\/\\\/citizen-security.org\\\/wp-content\\\/uploads\\\/2025\\\/05\\\/cropped-VRAI-LOGO-BSC.png\",\"width\":2053,\"height\":1524,\"caption\":\"Barom\u00e8tre Citoyen de la S\u00e9curit\u00e9\"},\"image\":{\"@id\":\"https:\\\/\\\/citizen-security.org\\\/en\\\/#\\\/schema\\\/logo\\\/image\\\/\"},\"sameAs\":[\"https:\\\/\\\/fr-fr.facebook.com\\\/laspad\\\/\",\"https:\\\/\\\/www.linkedin.com\\\/company\\\/laspad-bcs\\\/\"]}]}<\/script>\n<!-- \/ Yoast SEO plugin. -->","yoast_head_json":{"title":"Mission | BCS","description":"The BCS collects citizens' perceptions on security in Africa for more appropriate and inclusive governance.","robots":{"index":"index","follow":"follow","max-snippet":"max-snippet:-1","max-image-preview":"max-image-preview:large","max-video-preview":"max-video-preview:-1"},"canonical":"https:\/\/citizen-security.org\/en\/mission\/","og_locale":"en_US","og_type":"article","og_title":"Mission | BCS","og_description":"The BCS collects citizens' perceptions on security in Africa for more appropriate and inclusive governance.","og_url":"https:\/\/citizen-security.org\/en\/mission\/","og_site_name":"BCS","article_publisher":"https:\/\/fr-fr.facebook.com\/laspad\/","article_modified_time":"2025-05-10T19:25:28+00:00","og_image":[{"width":2028,"height":2111,"url":"https:\/\/citizen-security.org\/wp-content\/uploads\/2025\/02\/misssion.png","type":"image\/png"}],"twitter_card":"summary_large_image","twitter_misc":{"Est. reading time":"2 minutes"},"schema":{"@context":"https:\/\/schema.org","@graph":[{"@type":"WebPage","@id":"https:\/\/citizen-security.org\/en\/mission\/","url":"https:\/\/citizen-security.org\/en\/mission\/","name":"Mission | BCS","isPartOf":{"@id":"https:\/\/citizen-security.org\/en\/#website"},"primaryImageOfPage":{"@id":"https:\/\/citizen-security.org\/en\/mission\/#primaryimage"},"image":{"@id":"https:\/\/citizen-security.org\/en\/mission\/#primaryimage"},"thumbnailUrl":"https:\/\/citizen-security.org\/wp-content\/uploads\/2025\/02\/misssion-984x1024.png","datePublished":"2025-01-13T00:37:12+00:00","dateModified":"2025-05-10T19:25:28+00:00","description":"The BCS collects citizens' perceptions on security in Africa for more appropriate and inclusive governance.","breadcrumb":{"@id":"https:\/\/citizen-security.org\/en\/mission\/#breadcrumb"},"inLanguage":"en-US","potentialAction":[{"@type":"ReadAction","target":["https:\/\/citizen-security.org\/en\/mission\/"]}]},{"@type":"ImageObject","inLanguage":"en-US","@id":"https:\/\/citizen-security.org\/en\/mission\/#primaryimage","url":"https:\/\/citizen-security.org\/wp-content\/uploads\/2025\/02\/misssion-984x1024.png","contentUrl":"https:\/\/citizen-security.org\/wp-content\/uploads\/2025\/02\/misssion-984x1024.png"},{"@type":"BreadcrumbList","@id":"https:\/\/citizen-security.org\/en\/mission\/#breadcrumb","itemListElement":[{"@type":"ListItem","position":1,"name":"Accueil","item":"https:\/\/citizen-security.org\/en\/home\/"},{"@type":"ListItem","position":2,"name":"Mission"}]},{"@type":"WebSite","@id":"https:\/\/citizen-security.org\/en\/#website","url":"https:\/\/citizen-security.org\/en\/","name":"Barometre citoyen de la s\u00e9curit\u00e9","description":"La s\u00e9curit\u00e9 : une affaire de tous, au service de chacun","publisher":{"@id":"https:\/\/citizen-security.org\/en\/#organization"},"alternateName":"BCS","potentialAction":[{"@type":"SearchAction","target":{"@type":"EntryPoint","urlTemplate":"https:\/\/citizen-security.org\/en\/?s={search_term_string}"},"query-input":{"@type":"PropertyValueSpecification","valueRequired":true,"valueName":"search_term_string"}}],"inLanguage":"en-US"},{"@type":"Organization","@id":"https:\/\/citizen-security.org\/en\/#organization","name":"Barom\u00e8tre Citoyen de la S\u00e9curit\u00e9","alternateName":"BCS","url":"https:\/\/citizen-security.org\/en\/","logo":{"@type":"ImageObject","inLanguage":"en-US","@id":"https:\/\/citizen-security.org\/en\/#\/schema\/logo\/image\/","url":"https:\/\/citizen-security.org\/wp-content\/uploads\/2025\/05\/cropped-VRAI-LOGO-BSC.png","contentUrl":"https:\/\/citizen-security.org\/wp-content\/uploads\/2025\/05\/cropped-VRAI-LOGO-BSC.png","width":2053,"height":1524,"caption":"Barom\u00e8tre Citoyen de la S\u00e9curit\u00e9"},"image":{"@id":"https:\/\/citizen-security.org\/en\/#\/schema\/logo\/image\/"},"sameAs":["https:\/\/fr-fr.facebook.com\/laspad\/","https:\/\/www.linkedin.com\/company\/laspad-bcs\/"]}]}},"_links":{"self":[{"href":"https:\/\/citizen-security.org\/en\/wp-json\/wp\/v2\/pages\/3443","targetHints":{"allow":["GET"]}}],"collection":[{"href":"https:\/\/citizen-security.org\/en\/wp-json\/wp\/v2\/pages"}],"about":[{"href":"https:\/\/citizen-security.org\/en\/wp-json\/wp\/v2\/types\/page"}],"author":[{"embeddable":true,"href":"https:\/\/citizen-security.org\/en\/wp-json\/wp\/v2\/users\/1"}],"replies":[{"embeddable":true,"href":"https:\/\/citizen-security.org\/en\/wp-json\/wp\/v2\/comments?post=3443"}],"version-history":[{"count":4,"href":"https:\/\/citizen-security.org\/en\/wp-json\/wp\/v2\/pages\/3443\/revisions"}],"predecessor-version":[{"id":3582,"href":"https:\/\/citizen-security.org\/en\/wp-json\/wp\/v2\/pages\/3443\/revisions\/3582"}],"wp:attachment":[{"href":"https:\/\/citizen-security.org\/en\/wp-json\/wp\/v2\/media?parent=3443"}],"curies":[{"name":"wp","href":"https:\/\/api.w.org\/{rel}","templated":true}]}}